{"id":1240,"date":"2021-06-11T11:47:46","date_gmt":"2021-06-11T09:47:46","guid":{"rendered":"https:\/\/eleganti-bauunternehmung.ch\/?page_id=1240"},"modified":"2021-08-30T13:40:03","modified_gmt":"2021-08-30T11:40:03","slug":"garagen-kellersanierung","status":"publish","type":"page","link":"https:\/\/eleganti-bauunternehmung.ch\/?page_id=1240","title":{"rendered":"GARAGEN \/ KELLERSANIERUNG"},"content":{"rendered":"\t\t<div data-elementor-type=\"wp-page\" data-elementor-id=\"1240\" class=\"elementor elementor-1240\" data-elementor-post-type=\"page\">\n\t\t\t\t\t\t<section class=\"elementor-section elementor-top-section elementor-element elementor-element-3ba4ada2 elementor-section-height-min-height elementor-section-items-bottom elementor-section-boxed elementor-section-height-default\" data-id=\"3ba4ada2\" data-element_type=\"section\" data-e-type=\"section\" data-settings=\"{&quot;background_background&quot;:&quot;classic&quot;}\">\n\t\t\t\t\t\t\t<div class=\"elementor-background-overlay\"><\/div>\n\t\t\t\t\t\t\t<div class=\"elementor-container elementor-column-gap-default\">\n\t\t\t\t\t<div class=\"elementor-column elementor-col-100 elementor-top-column elementor-element elementor-element-403580b2\" data-id=\"403580b2\" data-element_type=\"column\" data-e-type=\"column\">\n\t\t\t<div class=\"elementor-widget-wrap elementor-element-populated\">\n\t\t\t\t\t\t<div class=\"elementor-element elementor-element-135b8c65 elementor-widget elementor-widget-heading\" data-id=\"135b8c65\" data-element_type=\"widget\" data-e-type=\"widget\" data-widget_type=\"heading.default\">\n\t\t\t\t<div class=\"elementor-widget-container\">\n\t\t\t\t\t<h2 class=\"elementor-heading-title elementor-size-default\">GARAGEN \/ KELLERSANIERUNG<\/h2>\t\t\t\t<\/div>\n\t\t\t\t<\/div>\n\t\t\t\t\t<\/div>\n\t\t<\/div>\n\t\t\t\t\t<\/div>\n\t\t<\/section>\n\t\t\t\t<section class=\"elementor-section elementor-top-section elementor-element elementor-element-4deb505c elementor-section-boxed elementor-section-height-default elementor-section-height-default\" data-id=\"4deb505c\" data-element_type=\"section\" data-e-type=\"section\">\n\t\t\t\t\t\t<div class=\"elementor-container elementor-column-gap-default\">\n\t\t\t\t\t<div class=\"elementor-column elementor-col-100 elementor-top-column elementor-element elementor-element-4964286b\" data-id=\"4964286b\" data-element_type=\"column\" data-e-type=\"column\">\n\t\t\t<div class=\"elementor-widget-wrap elementor-element-populated\">\n\t\t\t\t\t\t<div class=\"elementor-element elementor-element-65d62191 elementor-widget elementor-widget-text-editor\" data-id=\"65d62191\" data-element_type=\"widget\" data-e-type=\"widget\" data-widget_type=\"text-editor.default\">\n\t\t\t\t<div class=\"elementor-widget-container\">\n\t\t\t\t\t\t\t\t\t<p>Garagen und Keller sind heute mehr als nur Lager- und Abstellr\u00e4ume. In Zeiten von Wohnraummangel und steigender Immobilienpreise dienen sie zunehmend als wertvolle Nutzfl\u00e4chen f\u00fcr B\u00fcroarbeiten, Wellness, Hobbys und dergleichen. Durch eine Kellersanierung oder Garagensanierung erhalten Sie trockene, schadensfreie R\u00e4umlichkeiten, die Sie im Alltag nach Belieben nutzen k\u00f6nnen.<\/p>\t\t\t\t\t\t\t\t<\/div>\n\t\t\t\t<\/div>\n\t\t\t\t\t<\/div>\n\t\t<\/div>\n\t\t\t\t\t<\/div>\n\t\t<\/section>\n\t\t\t\t<section class=\"elementor-section elementor-top-section elementor-element elementor-element-18b349e4 elementor-section-boxed elementor-section-height-default elementor-section-height-default\" data-id=\"18b349e4\" data-element_type=\"section\" data-e-type=\"section\" data-settings=\"{&quot;background_background&quot;:&quot;classic&quot;}\">\n\t\t\t\t\t\t\t<div class=\"elementor-background-overlay\"><\/div>\n\t\t\t\t\t\t\t<div class=\"elementor-container elementor-column-gap-default\">\n\t\t\t\t\t<div class=\"elementor-column elementor-col-100 elementor-top-column elementor-element elementor-element-75ae71de\" data-id=\"75ae71de\" data-element_type=\"column\" data-e-type=\"column\">\n\t\t\t<div class=\"elementor-widget-wrap elementor-element-populated\">\n\t\t\t\t\t\t<div class=\"elementor-element elementor-element-7f0faa30 elementor-widget elementor-widget-heading\" data-id=\"7f0faa30\" data-element_type=\"widget\" data-e-type=\"widget\" data-widget_type=\"heading.default\">\n\t\t\t\t<div class=\"elementor-widget-container\">\n\t\t\t\t\t<h2 class=\"elementor-heading-title elementor-size-default\">Sanierung ist viel mehr als nur Renovation<\/h2>\t\t\t\t<\/div>\n\t\t\t\t<\/div>\n\t\t\t\t<div class=\"elementor-element elementor-element-185a67b9 elementor-widget-divider--view-line elementor-widget elementor-widget-divider\" data-id=\"185a67b9\" data-element_type=\"widget\" data-e-type=\"widget\" data-widget_type=\"divider.default\">\n\t\t\t\t<div class=\"elementor-widget-container\">\n\t\t\t\t\t\t\t<div class=\"elementor-divider\">\n\t\t\t<span class=\"elementor-divider-separator\">\n\t\t\t\t\t\t<\/span>\n\t\t<\/div>\n\t\t\t\t\t\t<\/div>\n\t\t\t\t<\/div>\n\t\t\t\t<div class=\"elementor-element elementor-element-13b6f88a elementor-widget elementor-widget-text-editor\" data-id=\"13b6f88a\" data-element_type=\"widget\" data-e-type=\"widget\" data-widget_type=\"text-editor.default\">\n\t\t\t\t<div class=\"elementor-widget-container\">\n\t\t\t\t\t\t\t\t\t<p>In vielen Altbauten und manchmal sogar in Neubauten befindet sich zu viel Feuchtigkeit im Keller. Die W\u00e4nde sind durchfeuchtet, der Putz f\u00e4llt herab und es riecht unangenehm muffig. Daneben bilden sich oft Schimmel, Salzausbl\u00fchungen und\/oder Pilze, die neben gesundheitlichen Nachteilen auch gravierende Sch\u00e4den an der Bausubstanz hervorrufen k\u00f6nnen.<br \/><br \/>Jetzt heisst es handeln! Unsere Experten gehen den Ursachen f\u00fcr den schlechten Zustand Ihres Kellers auf den Grund. Sie verf\u00fcgen \u00fcber modernste Technologien, um Sch\u00e4den zu beheben, Ihren Keller grundlegend zu sanieren, ihn langfristig trocken zu halten und flexibel nutzbar zu gestalten.<\/p>\t\t\t\t\t\t\t\t<\/div>\n\t\t\t\t<\/div>\n\t\t\t\t<div class=\"elementor-element elementor-element-37210fb6 elementor-widget elementor-widget-heading\" data-id=\"37210fb6\" data-element_type=\"widget\" data-e-type=\"widget\" data-widget_type=\"heading.default\">\n\t\t\t\t<div class=\"elementor-widget-container\">\n\t\t\t\t\t<h2 class=\"elementor-heading-title elementor-size-default\">Kellersanierung von ELEGANTI Bauunternehmung AG - eine dauerhafte L\u00f6sung<\/h2>\t\t\t\t<\/div>\n\t\t\t\t<\/div>\n\t\t\t\t<div class=\"elementor-element elementor-element-30f64462 elementor-widget-divider--view-line elementor-widget elementor-widget-divider\" data-id=\"30f64462\" data-element_type=\"widget\" data-e-type=\"widget\" data-widget_type=\"divider.default\">\n\t\t\t\t<div class=\"elementor-widget-container\">\n\t\t\t\t\t\t\t<div class=\"elementor-divider\">\n\t\t\t<span class=\"elementor-divider-separator\">\n\t\t\t\t\t\t<\/span>\n\t\t<\/div>\n\t\t\t\t\t\t<\/div>\n\t\t\t\t<\/div>\n\t\t\t\t<div class=\"elementor-element elementor-element-11902a76 elementor-widget elementor-widget-text-editor\" data-id=\"11902a76\" data-element_type=\"widget\" data-e-type=\"widget\" data-widget_type=\"text-editor.default\">\n\t\t\t\t<div class=\"elementor-widget-container\">\n\t\t\t\t\t\t\t\t\t<p>Je nachdem, ob die Feuchtigkeit seitlich oder von unten eindringt, ist eine andere Vorgehensweise erforderlich. Nach eingehender Ursachenforschung erhalten Sie ein effektives, individuelles Sanierungskonzept, welches sowohl die Methode als auch den Zeitplan Ihrer Kellersanierung vorgibt. Unsere Experten besprechen mit Ihnen alle Arbeitsschritte bis ins Detail. Dar\u00fcber hinaus tun sie alles, um im Rahmen der technischen M\u00f6glichkeiten Ihre pers\u00f6nlichen W\u00fcnsche und Vorstellungen bei der Sanierung zu ber\u00fccksichtigen.<br \/><br \/>Sparen Sie langfristig \u00c4rger und Kosten! Handeln Sie jetzt und nehmen Sie mit der ELEGANTI Bauunternehmung AG Kontakt auf!<\/p>\t\t\t\t\t\t\t\t<\/div>\n\t\t\t\t<\/div>\n\t\t\t\t\t<\/div>\n\t\t<\/div>\n\t\t\t\t\t<\/div>\n\t\t<\/section>\n\t\t\t\t<section class=\"elementor-section elementor-top-section elementor-element elementor-element-3687bcc0 elementor-section-full_width elementor-section-height-default elementor-section-height-default\" data-id=\"3687bcc0\" data-element_type=\"section\" data-e-type=\"section\">\n\t\t\t\t\t\t<div class=\"elementor-container elementor-column-gap-no\">\n\t\t\t\t\t<div class=\"elementor-column elementor-col-33 elementor-top-column elementor-element elementor-element-6dd5964\" data-id=\"6dd5964\" data-element_type=\"column\" data-e-type=\"column\">\n\t\t\t<div class=\"elementor-widget-wrap elementor-element-populated\">\n\t\t\t\t\t\t<div class=\"elementor-element elementor-element-8f75008 elementor-widget elementor-widget-image\" data-id=\"8f75008\" data-element_type=\"widget\" data-e-type=\"widget\" data-widget_type=\"image.default\">\n\t\t\t\t<div class=\"elementor-widget-container\">\n\t\t\t\t\t\t\t\t\t\t\t\t\t\t\t<img fetchpriority=\"high\" decoding=\"async\" width=\"900\" height=\"601\" src=\"https:\/\/eleganti-bauunternehmung.ch\/wp-content\/uploads\/2021\/06\/eleganti-GARAGEN-KELLERSANIERUNG_3.jpg\" class=\"attachment-large size-large wp-image-2260\" alt=\"\" srcset=\"https:\/\/eleganti-bauunternehmung.ch\/wp-content\/uploads\/2021\/06\/eleganti-GARAGEN-KELLERSANIERUNG_3.jpg 900w, https:\/\/eleganti-bauunternehmung.ch\/wp-content\/uploads\/2021\/06\/eleganti-GARAGEN-KELLERSANIERUNG_3-600x400.jpg 600w, https:\/\/eleganti-bauunternehmung.ch\/wp-content\/uploads\/2021\/06\/eleganti-GARAGEN-KELLERSANIERUNG_3-768x513.jpg 768w\" sizes=\"(max-width: 900px) 100vw, 900px\" \/>\t\t\t\t\t\t\t\t\t\t\t\t\t\t\t<\/div>\n\t\t\t\t<\/div>\n\t\t\t\t\t<\/div>\n\t\t<\/div>\n\t\t\t\t<div class=\"elementor-column elementor-col-33 elementor-top-column elementor-element elementor-element-530ea3a1\" data-id=\"530ea3a1\" data-element_type=\"column\" data-e-type=\"column\">\n\t\t\t<div class=\"elementor-widget-wrap elementor-element-populated\">\n\t\t\t\t\t\t<div class=\"elementor-element elementor-element-4560bdf4 elementor-widget elementor-widget-image\" data-id=\"4560bdf4\" data-element_type=\"widget\" data-e-type=\"widget\" data-widget_type=\"image.default\">\n\t\t\t\t<div class=\"elementor-widget-container\">\n\t\t\t\t\t\t\t\t\t\t\t\t\t\t\t<img decoding=\"async\" width=\"900\" height=\"601\" src=\"https:\/\/eleganti-bauunternehmung.ch\/wp-content\/uploads\/2021\/06\/eleganti-GARAGEN-KELLERSANIERUNG_2.jpg\" class=\"attachment-large size-large wp-image-2259\" alt=\"\" srcset=\"https:\/\/eleganti-bauunternehmung.ch\/wp-content\/uploads\/2021\/06\/eleganti-GARAGEN-KELLERSANIERUNG_2.jpg 900w, https:\/\/eleganti-bauunternehmung.ch\/wp-content\/uploads\/2021\/06\/eleganti-GARAGEN-KELLERSANIERUNG_2-600x400.jpg 600w, https:\/\/eleganti-bauunternehmung.ch\/wp-content\/uploads\/2021\/06\/eleganti-GARAGEN-KELLERSANIERUNG_2-768x513.jpg 768w\" sizes=\"(max-width: 900px) 100vw, 900px\" \/>\t\t\t\t\t\t\t\t\t\t\t\t\t\t\t<\/div>\n\t\t\t\t<\/div>\n\t\t\t\t\t<\/div>\n\t\t<\/div>\n\t\t\t\t<div class=\"elementor-column elementor-col-33 elementor-top-column elementor-element elementor-element-7283f21f\" data-id=\"7283f21f\" data-element_type=\"column\" data-e-type=\"column\">\n\t\t\t<div class=\"elementor-widget-wrap elementor-element-populated\">\n\t\t\t\t\t\t<div class=\"elementor-element elementor-element-45802384 elementor-widget elementor-widget-image\" data-id=\"45802384\" data-element_type=\"widget\" data-e-type=\"widget\" data-widget_type=\"image.default\">\n\t\t\t\t<div class=\"elementor-widget-container\">\n\t\t\t\t\t\t\t\t\t\t\t\t\t\t\t<img decoding=\"async\" width=\"900\" height=\"601\" src=\"https:\/\/eleganti-bauunternehmung.ch\/wp-content\/uploads\/2021\/06\/eleganti-GARAGEN-KELLERSANIERUNG_1.jpg\" class=\"attachment-large size-large wp-image-2258\" alt=\"\" srcset=\"https:\/\/eleganti-bauunternehmung.ch\/wp-content\/uploads\/2021\/06\/eleganti-GARAGEN-KELLERSANIERUNG_1.jpg 900w, https:\/\/eleganti-bauunternehmung.ch\/wp-content\/uploads\/2021\/06\/eleganti-GARAGEN-KELLERSANIERUNG_1-600x400.jpg 600w, https:\/\/eleganti-bauunternehmung.ch\/wp-content\/uploads\/2021\/06\/eleganti-GARAGEN-KELLERSANIERUNG_1-768x513.jpg 768w\" sizes=\"(max-width: 900px) 100vw, 900px\" \/>\t\t\t\t\t\t\t\t\t\t\t\t\t\t\t<\/div>\n\t\t\t\t<\/div>\n\t\t\t\t\t<\/div>\n\t\t<\/div>\n\t\t\t\t\t<\/div>\n\t\t<\/section>\n\t\t\t\t<section class=\"elementor-section elementor-top-section elementor-element elementor-element-647bb963 elementor-section-boxed elementor-section-height-default elementor-section-height-default\" data-id=\"647bb963\" data-element_type=\"section\" data-e-type=\"section\" data-settings=\"{&quot;background_background&quot;:&quot;classic&quot;}\">\n\t\t\t\t\t\t\t<div class=\"elementor-background-overlay\"><\/div>\n\t\t\t\t\t\t\t<div class=\"elementor-container elementor-column-gap-default\">\n\t\t\t\t\t<div class=\"elementor-column elementor-col-100 elementor-top-column elementor-element elementor-element-7850671f\" data-id=\"7850671f\" data-element_type=\"column\" data-e-type=\"column\">\n\t\t\t<div class=\"elementor-widget-wrap elementor-element-populated\">\n\t\t\t\t\t\t<div class=\"elementor-element elementor-element-519faeec elementor-widget elementor-widget-heading\" data-id=\"519faeec\" data-element_type=\"widget\" data-e-type=\"widget\" data-widget_type=\"heading.default\">\n\t\t\t\t<div class=\"elementor-widget-container\">\n\t\t\t\t\t<h2 class=\"elementor-heading-title elementor-size-default\">Wann ist eine Garagensanierung sinnvoll?<\/h2>\t\t\t\t<\/div>\n\t\t\t\t<\/div>\n\t\t\t\t<div class=\"elementor-element elementor-element-17f20115 elementor-widget-divider--view-line elementor-widget elementor-widget-divider\" data-id=\"17f20115\" data-element_type=\"widget\" data-e-type=\"widget\" data-widget_type=\"divider.default\">\n\t\t\t\t<div class=\"elementor-widget-container\">\n\t\t\t\t\t\t\t<div class=\"elementor-divider\">\n\t\t\t<span class=\"elementor-divider-separator\">\n\t\t\t\t\t\t<\/span>\n\t\t<\/div>\n\t\t\t\t\t\t<\/div>\n\t\t\t\t<\/div>\n\t\t\t\t<div class=\"elementor-element elementor-element-324da881 elementor-widget elementor-widget-text-editor\" data-id=\"324da881\" data-element_type=\"widget\" data-e-type=\"widget\" data-widget_type=\"text-editor.default\">\n\t\t\t\t<div class=\"elementor-widget-container\">\n\t\t\t\t\t\t\t\t\t<p>Angebaute und frei stehende Garagen und Garagenkomplexe sind st\u00e4ndig den Launen der Natur, Regen, Schnee, Eis, W\u00e4rme, K\u00e4lte und Wind ausgesetzt. Dies f\u00fchrt im Laufe der Jahre zu baulichen M\u00e4ngeln, die die Nutzung und Lebensdauer von Garagen deutlich einschr\u00e4nken.<br \/><br \/>Um die Ausbreitung von Sch\u00e4den zu verhindern, ist bei ersten sichtbaren Beeintr\u00e4chtigungen des Garagenbodens, der W\u00e4nde oder des Garagendachs schnelles Handeln geboten. Zudem lohnt es sich, im Zuge der Garagensanierung \u00fcber einen Umbau oder eine Modernisierung nachzudenken. Beides erh\u00f6ht die Sicherheit und den Nutzungskomfort.<\/p><ul><li>Garagen mit intakter Bausubstanz lassen sich mit einem neuen, bedienfreundlichen Garagentor aufwerten.<\/li><li>erh\u00f6hter Einbruchschutz<\/li><li>bessere W\u00e4rmed\u00e4mmung<\/li><li>zus\u00e4tzlicher Stau- und Abstellraum<\/li><\/ul><p>Achtung! F\u00fcr Umbauten und Ver\u00e4nderungen im Rahmen einer Garagensanierung gelten die kantonalen Bauvorschriften. H\u00e4ufig existieren zus\u00e4tzliche Vorschriften der St\u00e4dte und Ortschaften. Beispielsweise bez\u00fcglich Fassadenfarbe, Grundst\u00fccksgrenzen und Dach. Unsere erfahrenen Sanierungsexperten wissen, welche Verordnungen in Ihrem Fall relevant sind und beraten Sie gern!<\/p>\t\t\t\t\t\t\t\t<\/div>\n\t\t\t\t<\/div>\n\t\t\t\t\t<\/div>\n\t\t<\/div>\n\t\t\t\t\t<\/div>\n\t\t<\/section>\n\t\t\t\t<\/div>\n\t\t","protected":false},"excerpt":{"rendered":"<p>GARAGEN \/ KELLERSANIERUNG Garagen und Keller sind heute mehr als nur Lager- und Abstellr\u00e4ume. In Zeiten von Wohnraummangel und steigender Immobilienpreise dienen sie zunehmend als wertvolle Nutzfl\u00e4chen f\u00fcr B\u00fcroarbeiten, Wellness,&#8230;<\/p>\n","protected":false},"author":7,"featured_media":0,"parent":0,"menu_order":2,"comment_status":"closed","ping_status":"closed","template":"elementor_header_footer","meta":{"inline_featured_image":false,"footnotes":""},"class_list":["post-1240","page","type-page","status-publish"],"yoast_head":"<!-- This site is optimized with the Yoast SEO plugin v27.4 - https:\/\/yoast.com\/product\/yoast-seo-wordpress\/ -->\n<title>GARAGEN \/ KELLERSANIERUNG\u200b - Die Luzerner Bauunternehmung AG<\/title>\n<meta name=\"description\" content=\"GARAGEN \/ KELLERSANIERUNG\u200b; Garagen und Keller sind heute mehr als nur Lager- und Abstellr\u00e4ume. In Zeiten von Wohnraummangel und ...\" \/>\n<meta name=\"robots\" content=\"index, follow, max-snippet:-1, max-image-preview:large, max-video-preview:-1\" \/>\n<link rel=\"canonical\" href=\"https:\/\/eleganti-bauunternehmung.ch\/?page_id=1240\" \/>\n<meta property=\"og:locale\" content=\"de_DE\" \/>\n<meta property=\"og:type\" content=\"article\" \/>\n<meta property=\"og:title\" content=\"GARAGEN \/ KELLERSANIERUNG\u200b - Die Luzerner Bauunternehmung AG\" \/>\n<meta property=\"og:description\" content=\"GARAGEN \/ KELLERSANIERUNG\u200b; Garagen und Keller sind heute mehr als nur Lager- und Abstellr\u00e4ume. In Zeiten von Wohnraummangel und ...\" \/>\n<meta property=\"og:url\" content=\"https:\/\/eleganti-bauunternehmung.ch\/?page_id=1240\" \/>\n<meta property=\"og:site_name\" content=\"ELEGANTI Bauunternehmung AG\" \/>\n<meta property=\"article:modified_time\" content=\"2021-08-30T11:40:03+00:00\" \/>\n<meta property=\"og:image\" content=\"https:\/\/eleganti-bauunternehmung.ch\/wp-content\/uploads\/2021\/06\/eleganti-GARAGEN-KELLERSANIERUNG_3.jpg\" \/>\n<meta name=\"twitter:card\" content=\"summary_large_image\" \/>\n<meta name=\"twitter:label1\" content=\"Gesch\u00e4tzte Lesezeit\" \/>\n\t<meta name=\"twitter:data1\" content=\"3\u00a0Minuten\" \/>\n<script type=\"application\/ld+json\" class=\"yoast-schema-graph\">{\"@context\":\"https:\\\/\\\/schema.org\",\"@graph\":[{\"@type\":\"WebPage\",\"@id\":\"https:\\\/\\\/eleganti-bauunternehmung.ch\\\/?page_id=1240\",\"url\":\"https:\\\/\\\/eleganti-bauunternehmung.ch\\\/?page_id=1240\",\"name\":\"GARAGEN \\\/ KELLERSANIERUNG\u200b - Die Luzerner Bauunternehmung AG\",\"isPartOf\":{\"@id\":\"https:\\\/\\\/eleganti-bauunternehmung.ch\\\/#website\"},\"primaryImageOfPage\":{\"@id\":\"https:\\\/\\\/eleganti-bauunternehmung.ch\\\/?page_id=1240#primaryimage\"},\"image\":{\"@id\":\"https:\\\/\\\/eleganti-bauunternehmung.ch\\\/?page_id=1240#primaryimage\"},\"thumbnailUrl\":\"https:\\\/\\\/eleganti-bauunternehmung.ch\\\/wp-content\\\/uploads\\\/2021\\\/06\\\/eleganti-GARAGEN-KELLERSANIERUNG_3.jpg\",\"datePublished\":\"2021-06-11T09:47:46+00:00\",\"dateModified\":\"2021-08-30T11:40:03+00:00\",\"description\":\"GARAGEN \\\/ KELLERSANIERUNG\u200b; Garagen und Keller sind heute mehr als nur Lager- und Abstellr\u00e4ume. In Zeiten von Wohnraummangel und ...\",\"breadcrumb\":{\"@id\":\"https:\\\/\\\/eleganti-bauunternehmung.ch\\\/?page_id=1240#breadcrumb\"},\"inLanguage\":\"de\",\"potentialAction\":[{\"@type\":\"ReadAction\",\"target\":[\"https:\\\/\\\/eleganti-bauunternehmung.ch\\\/?page_id=1240\"]}]},{\"@type\":\"ImageObject\",\"inLanguage\":\"de\",\"@id\":\"https:\\\/\\\/eleganti-bauunternehmung.ch\\\/?page_id=1240#primaryimage\",\"url\":\"https:\\\/\\\/eleganti-bauunternehmung.ch\\\/wp-content\\\/uploads\\\/2021\\\/06\\\/eleganti-GARAGEN-KELLERSANIERUNG_3.jpg\",\"contentUrl\":\"https:\\\/\\\/eleganti-bauunternehmung.ch\\\/wp-content\\\/uploads\\\/2021\\\/06\\\/eleganti-GARAGEN-KELLERSANIERUNG_3.jpg\",\"width\":900,\"height\":601},{\"@type\":\"BreadcrumbList\",\"@id\":\"https:\\\/\\\/eleganti-bauunternehmung.ch\\\/?page_id=1240#breadcrumb\",\"itemListElement\":[{\"@type\":\"ListItem\",\"position\":1,\"name\":\"Startseite\",\"item\":\"https:\\\/\\\/eleganti-bauunternehmung.ch\\\/\"},{\"@type\":\"ListItem\",\"position\":2,\"name\":\"GARAGEN \\\/ KELLERSANIERUNG\"}]},{\"@type\":\"WebSite\",\"@id\":\"https:\\\/\\\/eleganti-bauunternehmung.ch\\\/#website\",\"url\":\"https:\\\/\\\/eleganti-bauunternehmung.ch\\\/\",\"name\":\"ELEGANTI Bauunternehmung AG\",\"description\":\"www.eleganti-bauunternehmung.ch\",\"publisher\":{\"@id\":\"https:\\\/\\\/eleganti-bauunternehmung.ch\\\/#organization\"},\"potentialAction\":[{\"@type\":\"SearchAction\",\"target\":{\"@type\":\"EntryPoint\",\"urlTemplate\":\"https:\\\/\\\/eleganti-bauunternehmung.ch\\\/?s={search_term_string}\"},\"query-input\":{\"@type\":\"PropertyValueSpecification\",\"valueRequired\":true,\"valueName\":\"search_term_string\"}}],\"inLanguage\":\"de\"},{\"@type\":\"Organization\",\"@id\":\"https:\\\/\\\/eleganti-bauunternehmung.ch\\\/#organization\",\"name\":\"Webseite Name\",\"url\":\"https:\\\/\\\/eleganti-bauunternehmung.ch\\\/\",\"logo\":{\"@type\":\"ImageObject\",\"inLanguage\":\"de\",\"@id\":\"https:\\\/\\\/eleganti-bauunternehmung.ch\\\/#\\\/schema\\\/logo\\\/image\\\/\",\"url\":\"\",\"contentUrl\":\"\",\"caption\":\"Webseite Name\"},\"image\":{\"@id\":\"https:\\\/\\\/eleganti-bauunternehmung.ch\\\/#\\\/schema\\\/logo\\\/image\\\/\"}}]}<\/script>\n<!-- \/ Yoast SEO plugin. -->","yoast_head_json":{"title":"GARAGEN \/ KELLERSANIERUNG\u200b - Die Luzerner Bauunternehmung AG","description":"GARAGEN \/ KELLERSANIERUNG\u200b; Garagen und Keller sind heute mehr als nur Lager- und Abstellr\u00e4ume. In Zeiten von Wohnraummangel und ...","robots":{"index":"index","follow":"follow","max-snippet":"max-snippet:-1","max-image-preview":"max-image-preview:large","max-video-preview":"max-video-preview:-1"},"canonical":"https:\/\/eleganti-bauunternehmung.ch\/?page_id=1240","og_locale":"de_DE","og_type":"article","og_title":"GARAGEN \/ KELLERSANIERUNG\u200b - Die Luzerner Bauunternehmung AG","og_description":"GARAGEN \/ KELLERSANIERUNG\u200b; Garagen und Keller sind heute mehr als nur Lager- und Abstellr\u00e4ume. In Zeiten von Wohnraummangel und ...","og_url":"https:\/\/eleganti-bauunternehmung.ch\/?page_id=1240","og_site_name":"ELEGANTI Bauunternehmung AG","article_modified_time":"2021-08-30T11:40:03+00:00","og_image":[{"url":"https:\/\/eleganti-bauunternehmung.ch\/wp-content\/uploads\/2021\/06\/eleganti-GARAGEN-KELLERSANIERUNG_3.jpg","type":"","width":"","height":""}],"twitter_card":"summary_large_image","twitter_misc":{"Gesch\u00e4tzte Lesezeit":"3\u00a0Minuten"},"schema":{"@context":"https:\/\/schema.org","@graph":[{"@type":"WebPage","@id":"https:\/\/eleganti-bauunternehmung.ch\/?page_id=1240","url":"https:\/\/eleganti-bauunternehmung.ch\/?page_id=1240","name":"GARAGEN \/ KELLERSANIERUNG\u200b - Die Luzerner Bauunternehmung AG","isPartOf":{"@id":"https:\/\/eleganti-bauunternehmung.ch\/#website"},"primaryImageOfPage":{"@id":"https:\/\/eleganti-bauunternehmung.ch\/?page_id=1240#primaryimage"},"image":{"@id":"https:\/\/eleganti-bauunternehmung.ch\/?page_id=1240#primaryimage"},"thumbnailUrl":"https:\/\/eleganti-bauunternehmung.ch\/wp-content\/uploads\/2021\/06\/eleganti-GARAGEN-KELLERSANIERUNG_3.jpg","datePublished":"2021-06-11T09:47:46+00:00","dateModified":"2021-08-30T11:40:03+00:00","description":"GARAGEN \/ KELLERSANIERUNG\u200b; Garagen und Keller sind heute mehr als nur Lager- und Abstellr\u00e4ume. In Zeiten von Wohnraummangel und ...","breadcrumb":{"@id":"https:\/\/eleganti-bauunternehmung.ch\/?page_id=1240#breadcrumb"},"inLanguage":"de","potentialAction":[{"@type":"ReadAction","target":["https:\/\/eleganti-bauunternehmung.ch\/?page_id=1240"]}]},{"@type":"ImageObject","inLanguage":"de","@id":"https:\/\/eleganti-bauunternehmung.ch\/?page_id=1240#primaryimage","url":"https:\/\/eleganti-bauunternehmung.ch\/wp-content\/uploads\/2021\/06\/eleganti-GARAGEN-KELLERSANIERUNG_3.jpg","contentUrl":"https:\/\/eleganti-bauunternehmung.ch\/wp-content\/uploads\/2021\/06\/eleganti-GARAGEN-KELLERSANIERUNG_3.jpg","width":900,"height":601},{"@type":"BreadcrumbList","@id":"https:\/\/eleganti-bauunternehmung.ch\/?page_id=1240#breadcrumb","itemListElement":[{"@type":"ListItem","position":1,"name":"Startseite","item":"https:\/\/eleganti-bauunternehmung.ch\/"},{"@type":"ListItem","position":2,"name":"GARAGEN \/ KELLERSANIERUNG"}]},{"@type":"WebSite","@id":"https:\/\/eleganti-bauunternehmung.ch\/#website","url":"https:\/\/eleganti-bauunternehmung.ch\/","name":"ELEGANTI Bauunternehmung AG","description":"www.eleganti-bauunternehmung.ch","publisher":{"@id":"https:\/\/eleganti-bauunternehmung.ch\/#organization"},"potentialAction":[{"@type":"SearchAction","target":{"@type":"EntryPoint","urlTemplate":"https:\/\/eleganti-bauunternehmung.ch\/?s={search_term_string}"},"query-input":{"@type":"PropertyValueSpecification","valueRequired":true,"valueName":"search_term_string"}}],"inLanguage":"de"},{"@type":"Organization","@id":"https:\/\/eleganti-bauunternehmung.ch\/#organization","name":"Webseite Name","url":"https:\/\/eleganti-bauunternehmung.ch\/","logo":{"@type":"ImageObject","inLanguage":"de","@id":"https:\/\/eleganti-bauunternehmung.ch\/#\/schema\/logo\/image\/","url":"","contentUrl":"","caption":"Webseite Name"},"image":{"@id":"https:\/\/eleganti-bauunternehmung.ch\/#\/schema\/logo\/image\/"}}]}},"_links":{"self":[{"href":"https:\/\/eleganti-bauunternehmung.ch\/index.php?rest_route=\/wp\/v2\/pages\/1240","targetHints":{"allow":["GET"]}}],"collection":[{"href":"https:\/\/eleganti-bauunternehmung.ch\/index.php?rest_route=\/wp\/v2\/pages"}],"about":[{"href":"https:\/\/eleganti-bauunternehmung.ch\/index.php?rest_route=\/wp\/v2\/types\/page"}],"author":[{"embeddable":true,"href":"https:\/\/eleganti-bauunternehmung.ch\/index.php?rest_route=\/wp\/v2\/users\/7"}],"replies":[{"embeddable":true,"href":"https:\/\/eleganti-bauunternehmung.ch\/index.php?rest_route=%2Fwp%2Fv2%2Fcomments&post=1240"}],"version-history":[{"count":3,"href":"https:\/\/eleganti-bauunternehmung.ch\/index.php?rest_route=\/wp\/v2\/pages\/1240\/revisions"}],"predecessor-version":[{"id":2898,"href":"https:\/\/eleganti-bauunternehmung.ch\/index.php?rest_route=\/wp\/v2\/pages\/1240\/revisions\/2898"}],"wp:attachment":[{"href":"https:\/\/eleganti-bauunternehmung.ch\/index.php?rest_route=%2Fwp%2Fv2%2Fmedia&parent=1240"}],"curies":[{"name":"wp","href":"https:\/\/api.w.org\/{rel}","templated":true}]}}