{"id":1242,"date":"2021-06-11T11:48:01","date_gmt":"2021-06-11T09:48:01","guid":{"rendered":"https:\/\/eleganti-bauunternehmung.ch\/?page_id=1242"},"modified":"2025-07-08T15:56:55","modified_gmt":"2025-07-08T13:56:55","slug":"wasserschaeden-24-h","status":"publish","type":"page","link":"https:\/\/eleganti-bauunternehmung.ch\/?page_id=1242","title":{"rendered":"WASSERSCH\u00c4DEN"},"content":{"rendered":"\t\t<div data-elementor-type=\"wp-page\" data-elementor-id=\"1242\" class=\"elementor elementor-1242\" data-elementor-post-type=\"page\">\n\t\t\t\t\t\t<section class=\"elementor-section elementor-top-section elementor-element elementor-element-7b5e50eb elementor-section-height-min-height elementor-section-items-bottom elementor-section-boxed elementor-section-height-default\" data-id=\"7b5e50eb\" data-element_type=\"section\" data-e-type=\"section\" data-settings=\"{&quot;background_background&quot;:&quot;classic&quot;}\">\n\t\t\t\t\t\t\t<div class=\"elementor-background-overlay\"><\/div>\n\t\t\t\t\t\t\t<div class=\"elementor-container elementor-column-gap-default\">\n\t\t\t\t\t<div class=\"elementor-column elementor-col-100 elementor-top-column elementor-element elementor-element-4ab534c2\" data-id=\"4ab534c2\" data-element_type=\"column\" data-e-type=\"column\">\n\t\t\t<div class=\"elementor-widget-wrap elementor-element-populated\">\n\t\t\t\t\t\t<div class=\"elementor-element elementor-element-909f1c1 elementor-widget elementor-widget-heading\" data-id=\"909f1c1\" data-element_type=\"widget\" data-e-type=\"widget\" data-widget_type=\"heading.default\">\n\t\t\t\t<div class=\"elementor-widget-container\">\n\t\t\t\t\t<h2 class=\"elementor-heading-title elementor-size-default\">WASSERSCH\u00c4DEN<\/h2>\t\t\t\t<\/div>\n\t\t\t\t<\/div>\n\t\t\t\t\t<\/div>\n\t\t<\/div>\n\t\t\t\t\t<\/div>\n\t\t<\/section>\n\t\t\t\t<section class=\"elementor-section elementor-top-section elementor-element elementor-element-275ed681 elementor-section-boxed elementor-section-height-default elementor-section-height-default\" data-id=\"275ed681\" data-element_type=\"section\" data-e-type=\"section\">\n\t\t\t\t\t\t<div class=\"elementor-container elementor-column-gap-default\">\n\t\t\t\t\t<div class=\"elementor-column elementor-col-100 elementor-top-column elementor-element elementor-element-72ea8200\" data-id=\"72ea8200\" data-element_type=\"column\" data-e-type=\"column\">\n\t\t\t<div class=\"elementor-widget-wrap elementor-element-populated\">\n\t\t\t\t\t\t<div class=\"elementor-element elementor-element-1dbf6c7d elementor-widget elementor-widget-text-editor\" data-id=\"1dbf6c7d\" data-element_type=\"widget\" data-e-type=\"widget\" data-widget_type=\"text-editor.default\">\n\t\t\t\t<div class=\"elementor-widget-container\">\n\t\t\t\t\t\t\t\t\t<p>Da unkontrolliert sprudelndes Wasser sehr schnell zu hohen Folgesch\u00e4den f\u00fchren kann, ist bei einem Rohrbruch oder anderweitigen Wasserschaden rasche Hilfe erforderlich.<\/p><p>Die ELEGANTI Bauunternehmung AG aus Luzern lokalisiert die Schadensstelle mithilfe moderner Messger\u00e4te innert k\u00fcrzester Zeit und verhindert schon w\u00e4hrend der Messung das weitere Ausbreiten des Wassers. Indem unsere Spezialabteilung Ihren Wasserschaden schnell in den Griff bekommt, reduzieren sich Sch\u00e4den an der Bausubstanz sowie Ihre wirtschaftlichen Nachteile auf ein Minimum.<\/p>\t\t\t\t\t\t\t\t<\/div>\n\t\t\t\t<\/div>\n\t\t\t\t\t<\/div>\n\t\t<\/div>\n\t\t\t\t\t<\/div>\n\t\t<\/section>\n\t\t\t\t<section class=\"elementor-section elementor-top-section elementor-element elementor-element-3deaad12 elementor-section-boxed elementor-section-height-default elementor-section-height-default\" data-id=\"3deaad12\" data-element_type=\"section\" data-e-type=\"section\" data-settings=\"{&quot;background_background&quot;:&quot;classic&quot;}\">\n\t\t\t\t\t\t\t<div class=\"elementor-background-overlay\"><\/div>\n\t\t\t\t\t\t\t<div class=\"elementor-container elementor-column-gap-default\">\n\t\t\t\t\t<div class=\"elementor-column elementor-col-100 elementor-top-column elementor-element elementor-element-1c4e186e\" data-id=\"1c4e186e\" data-element_type=\"column\" data-e-type=\"column\">\n\t\t\t<div class=\"elementor-widget-wrap elementor-element-populated\">\n\t\t\t\t\t\t<div class=\"elementor-element elementor-element-3332b3cb elementor-widget elementor-widget-heading\" data-id=\"3332b3cb\" data-element_type=\"widget\" data-e-type=\"widget\" data-widget_type=\"heading.default\">\n\t\t\t\t<div class=\"elementor-widget-container\">\n\t\t\t\t\t<h2 class=\"elementor-heading-title elementor-size-default\">ELEGANTI ist f\u00fcr Sie da!<\/h2>\t\t\t\t<\/div>\n\t\t\t\t<\/div>\n\t\t\t\t<div class=\"elementor-element elementor-element-2d98d9a3 elementor-widget-divider--view-line elementor-widget elementor-widget-divider\" data-id=\"2d98d9a3\" data-element_type=\"widget\" data-e-type=\"widget\" data-widget_type=\"divider.default\">\n\t\t\t\t<div class=\"elementor-widget-container\">\n\t\t\t\t\t\t\t<div class=\"elementor-divider\">\n\t\t\t<span class=\"elementor-divider-separator\">\n\t\t\t\t\t\t<\/span>\n\t\t<\/div>\n\t\t\t\t\t\t<\/div>\n\t\t\t\t<\/div>\n\t\t\t\t<div class=\"elementor-element elementor-element-5d89d384 elementor-widget elementor-widget-text-editor\" data-id=\"5d89d384\" data-element_type=\"widget\" data-e-type=\"widget\" data-widget_type=\"text-editor.default\">\n\t\t\t\t<div class=\"elementor-widget-container\">\n\t\t\t\t\t\t\t\t\t<p>Unser bieten folgende Dienstleistungen an:<\/p><ul><li>Erstversorgung<\/li><li>Schadensortung (Rohrbruchortung, Leckageortung und Leckmengenmessung)<\/li><li>Schadensaufnahme, Schadensabgrenzung<\/li><li>besch\u00e4digungsfreies Entfernen von Platten und Fliesen<\/li><li>Endoskopie<\/li><li>Dichtheitspr\u00fcfung<\/li><li>D\u00e4mmschichttrocknung<\/li><li>Abschottungen<\/li><li>Dokumentation<\/li><li>Schadensgutachten<\/li><\/ul>\t\t\t\t\t\t\t\t<\/div>\n\t\t\t\t<\/div>\n\t\t\t\t<div class=\"elementor-element elementor-element-38d5a01d elementor-widget elementor-widget-heading\" data-id=\"38d5a01d\" data-element_type=\"widget\" data-e-type=\"widget\" data-widget_type=\"heading.default\">\n\t\t\t\t<div class=\"elementor-widget-container\">\n\t\t\t\t\t<h2 class=\"elementor-heading-title elementor-size-default\">ELEGANTI Bauunternehmung AG offeriert alles aus einer Hand<\/h2>\t\t\t\t<\/div>\n\t\t\t\t<\/div>\n\t\t\t\t<div class=\"elementor-element elementor-element-6b4cd584 elementor-widget-divider--view-line elementor-widget elementor-widget-divider\" data-id=\"6b4cd584\" data-element_type=\"widget\" data-e-type=\"widget\" data-widget_type=\"divider.default\">\n\t\t\t\t<div class=\"elementor-widget-container\">\n\t\t\t\t\t\t\t<div class=\"elementor-divider\">\n\t\t\t<span class=\"elementor-divider-separator\">\n\t\t\t\t\t\t<\/span>\n\t\t<\/div>\n\t\t\t\t\t\t<\/div>\n\t\t\t\t<\/div>\n\t\t\t\t<div class=\"elementor-element elementor-element-5bac402a elementor-widget elementor-widget-text-editor\" data-id=\"5bac402a\" data-element_type=\"widget\" data-e-type=\"widget\" data-widget_type=\"text-editor.default\">\n\t\t\t\t<div class=\"elementor-widget-container\">\n\t\t\t\t\t\t\t\t\t<p>In Situationen, in denen sonst mehrere Spezialfirmen zu Ihnen kommen, erledigt unser eingespieltes Team alle Arbeiten. Zu unserer Dienstleistungen geh\u00f6ren Anlagenmechaniker (Heizung, Klima, Sanit\u00e4r), professionelle Leckorter, Maurer, Plattenleger, Trockenbauer und Maler. Im Hand-in-Hand-Zusammenspiel und unter Einhaltung der gesetzlich geregelten Schadensminimierungspflicht k\u00fcmmern sich die Profis von A bis Z um Ihre Wassersch\u00e4den. Die ELEGANTI Servicefahrzeuge sind umfassend ausgestattet und haben alle erforderlichen Ger\u00e4tschaften an Bord.<\/p>\t\t\t\t\t\t\t\t<\/div>\n\t\t\t\t<\/div>\n\t\t\t\t\t<\/div>\n\t\t<\/div>\n\t\t\t\t\t<\/div>\n\t\t<\/section>\n\t\t\t\t<section class=\"elementor-section elementor-top-section elementor-element elementor-element-77e33637 elementor-section-full_width elementor-section-height-default elementor-section-height-default\" data-id=\"77e33637\" data-element_type=\"section\" data-e-type=\"section\">\n\t\t\t\t\t\t<div class=\"elementor-container elementor-column-gap-no\">\n\t\t\t\t\t<div class=\"elementor-column elementor-col-33 elementor-top-column elementor-element elementor-element-3b7466cc\" data-id=\"3b7466cc\" data-element_type=\"column\" data-e-type=\"column\">\n\t\t\t<div class=\"elementor-widget-wrap elementor-element-populated\">\n\t\t\t\t\t\t<div class=\"elementor-element elementor-element-17cb6526 elementor-widget elementor-widget-image\" data-id=\"17cb6526\" data-element_type=\"widget\" data-e-type=\"widget\" data-widget_type=\"image.default\">\n\t\t\t\t<div class=\"elementor-widget-container\">\n\t\t\t\t\t\t\t\t\t\t\t\t\t\t\t<img fetchpriority=\"high\" decoding=\"async\" width=\"900\" height=\"601\" src=\"https:\/\/eleganti-bauunternehmung.ch\/wp-content\/uploads\/2021\/06\/eleganti-WASSERSCHAEDEN-24-H_1.jpg\" class=\"attachment-large size-large wp-image-2266\" alt=\"\" srcset=\"https:\/\/eleganti-bauunternehmung.ch\/wp-content\/uploads\/2021\/06\/eleganti-WASSERSCHAEDEN-24-H_1.jpg 900w, https:\/\/eleganti-bauunternehmung.ch\/wp-content\/uploads\/2021\/06\/eleganti-WASSERSCHAEDEN-24-H_1-600x400.jpg 600w, https:\/\/eleganti-bauunternehmung.ch\/wp-content\/uploads\/2021\/06\/eleganti-WASSERSCHAEDEN-24-H_1-768x513.jpg 768w\" sizes=\"(max-width: 900px) 100vw, 900px\" \/>\t\t\t\t\t\t\t\t\t\t\t\t\t\t\t<\/div>\n\t\t\t\t<\/div>\n\t\t\t\t\t<\/div>\n\t\t<\/div>\n\t\t\t\t<div class=\"elementor-column elementor-col-33 elementor-top-column elementor-element elementor-element-5e9f2330\" data-id=\"5e9f2330\" data-element_type=\"column\" data-e-type=\"column\">\n\t\t\t<div class=\"elementor-widget-wrap elementor-element-populated\">\n\t\t\t\t\t\t<div class=\"elementor-element elementor-element-7493d060 elementor-widget elementor-widget-image\" data-id=\"7493d060\" data-element_type=\"widget\" data-e-type=\"widget\" data-widget_type=\"image.default\">\n\t\t\t\t<div class=\"elementor-widget-container\">\n\t\t\t\t\t\t\t\t\t\t\t\t\t\t\t<img decoding=\"async\" width=\"900\" height=\"601\" src=\"https:\/\/eleganti-bauunternehmung.ch\/wp-content\/uploads\/2021\/06\/eleganti-WASSERSCHAEDEN-24-H_2.jpg\" class=\"attachment-large size-large wp-image-2267\" alt=\"\" srcset=\"https:\/\/eleganti-bauunternehmung.ch\/wp-content\/uploads\/2021\/06\/eleganti-WASSERSCHAEDEN-24-H_2.jpg 900w, https:\/\/eleganti-bauunternehmung.ch\/wp-content\/uploads\/2021\/06\/eleganti-WASSERSCHAEDEN-24-H_2-600x400.jpg 600w, https:\/\/eleganti-bauunternehmung.ch\/wp-content\/uploads\/2021\/06\/eleganti-WASSERSCHAEDEN-24-H_2-768x513.jpg 768w\" sizes=\"(max-width: 900px) 100vw, 900px\" \/>\t\t\t\t\t\t\t\t\t\t\t\t\t\t\t<\/div>\n\t\t\t\t<\/div>\n\t\t\t\t\t<\/div>\n\t\t<\/div>\n\t\t\t\t<div class=\"elementor-column elementor-col-33 elementor-top-column elementor-element elementor-element-26e1fa17\" data-id=\"26e1fa17\" data-element_type=\"column\" data-e-type=\"column\">\n\t\t\t<div class=\"elementor-widget-wrap elementor-element-populated\">\n\t\t\t\t\t\t<div class=\"elementor-element elementor-element-2956797e elementor-widget elementor-widget-image\" data-id=\"2956797e\" data-element_type=\"widget\" data-e-type=\"widget\" data-widget_type=\"image.default\">\n\t\t\t\t<div class=\"elementor-widget-container\">\n\t\t\t\t\t\t\t\t\t\t\t\t\t\t\t<img decoding=\"async\" width=\"900\" height=\"601\" src=\"https:\/\/eleganti-bauunternehmung.ch\/wp-content\/uploads\/2021\/06\/eleganti-WASSERSCHAEDEN-24-H_3.jpg\" class=\"attachment-large size-large wp-image-2268\" alt=\"\" srcset=\"https:\/\/eleganti-bauunternehmung.ch\/wp-content\/uploads\/2021\/06\/eleganti-WASSERSCHAEDEN-24-H_3.jpg 900w, https:\/\/eleganti-bauunternehmung.ch\/wp-content\/uploads\/2021\/06\/eleganti-WASSERSCHAEDEN-24-H_3-600x400.jpg 600w, https:\/\/eleganti-bauunternehmung.ch\/wp-content\/uploads\/2021\/06\/eleganti-WASSERSCHAEDEN-24-H_3-768x513.jpg 768w\" sizes=\"(max-width: 900px) 100vw, 900px\" \/>\t\t\t\t\t\t\t\t\t\t\t\t\t\t\t<\/div>\n\t\t\t\t<\/div>\n\t\t\t\t\t<\/div>\n\t\t<\/div>\n\t\t\t\t\t<\/div>\n\t\t<\/section>\n\t\t\t\t<section class=\"elementor-section elementor-top-section elementor-element elementor-element-661b71f9 elementor-section-boxed elementor-section-height-default elementor-section-height-default\" data-id=\"661b71f9\" data-element_type=\"section\" data-e-type=\"section\" data-settings=\"{&quot;background_background&quot;:&quot;classic&quot;}\">\n\t\t\t\t\t\t\t<div class=\"elementor-background-overlay\"><\/div>\n\t\t\t\t\t\t\t<div class=\"elementor-container elementor-column-gap-default\">\n\t\t\t\t\t<div class=\"elementor-column elementor-col-100 elementor-top-column elementor-element elementor-element-726f32e2\" data-id=\"726f32e2\" data-element_type=\"column\" data-e-type=\"column\">\n\t\t\t<div class=\"elementor-widget-wrap elementor-element-populated\">\n\t\t\t\t\t\t<div class=\"elementor-element elementor-element-12f793a elementor-widget elementor-widget-heading\" data-id=\"12f793a\" data-element_type=\"widget\" data-e-type=\"widget\" data-widget_type=\"heading.default\">\n\t\t\t\t<div class=\"elementor-widget-container\">\n\t\t\t\t\t<h2 class=\"elementor-heading-title elementor-size-default\">Hilfe auch nach dem Wasserschaden<\/h2>\t\t\t\t<\/div>\n\t\t\t\t<\/div>\n\t\t\t\t<div class=\"elementor-element elementor-element-3d6734d2 elementor-widget-divider--view-line elementor-widget elementor-widget-divider\" data-id=\"3d6734d2\" data-element_type=\"widget\" data-e-type=\"widget\" data-widget_type=\"divider.default\">\n\t\t\t\t<div class=\"elementor-widget-container\">\n\t\t\t\t\t\t\t<div class=\"elementor-divider\">\n\t\t\t<span class=\"elementor-divider-separator\">\n\t\t\t\t\t\t<\/span>\n\t\t<\/div>\n\t\t\t\t\t\t<\/div>\n\t\t\t\t<\/div>\n\t\t\t\t<div class=\"elementor-element elementor-element-6d5c89f9 elementor-widget elementor-widget-text-editor\" data-id=\"6d5c89f9\" data-element_type=\"widget\" data-e-type=\"widget\" data-widget_type=\"text-editor.default\">\n\t\t\t\t<div class=\"elementor-widget-container\">\n\t\t\t\t\t\t\t\t\t<p>Ob Kupferrohr, Gussrohr, Alu oder Kunststoff: Unsere erfahrenen Anlagenmechaniker schweissen, l\u00f6ten, kleben und pressen professionell jedes Wasser- und Abwasserrohr. Im n\u00e4chsten Schritt trocknet bew\u00e4hrte Technik Ihre B\u00f6den, W\u00e4nde und D\u00e4mmschichten, w\u00e4hrend geschickte Handwerker den urspr\u00fcnglichen Zustand Ihrer Immobilie wiederherstellen.<br \/><br \/>Sie brauchen f\u00fcr Ihre Versicherung ein Gutachten? Kein Problem! Auf Wunsch \u00fcbernehmen wir die gesamte Schadensregulierung mit Ihrem Versicherer.<\/p>\t\t\t\t\t\t\t\t<\/div>\n\t\t\t\t<\/div>\n\t\t\t\t<div class=\"elementor-element elementor-element-50fd6be1 elementor-widget elementor-widget-heading\" data-id=\"50fd6be1\" data-element_type=\"widget\" data-e-type=\"widget\" data-widget_type=\"heading.default\">\n\t\t\t\t<div class=\"elementor-widget-container\">\n\t\t\t\t\t<h2 class=\"elementor-heading-title elementor-size-default\">Kostentransparenz von Anfang an!<\/h2>\t\t\t\t<\/div>\n\t\t\t\t<\/div>\n\t\t\t\t<div class=\"elementor-element elementor-element-2e48d755 elementor-widget-divider--view-line elementor-widget elementor-widget-divider\" data-id=\"2e48d755\" data-element_type=\"widget\" data-e-type=\"widget\" data-widget_type=\"divider.default\">\n\t\t\t\t<div class=\"elementor-widget-container\">\n\t\t\t\t\t\t\t<div class=\"elementor-divider\">\n\t\t\t<span class=\"elementor-divider-separator\">\n\t\t\t\t\t\t<\/span>\n\t\t<\/div>\n\t\t\t\t\t\t<\/div>\n\t\t\t\t<\/div>\n\t\t\t\t<div class=\"elementor-element elementor-element-285f18c6 elementor-widget elementor-widget-text-editor\" data-id=\"285f18c6\" data-element_type=\"widget\" data-e-type=\"widget\" data-widget_type=\"text-editor.default\">\n\t\t\t\t<div class=\"elementor-widget-container\">\n\t\t\t\t\t\t\t\t\t<p>Bei einem Wasserschaden ist keine Zeit f\u00fcr Preisvergleiche und Verhandlungen. Deshalb hat die ELEGANTI Bauunternehmung AG f\u00fcr die g\u00e4ngigsten Leistungen ein Leistungsverzeichnis erstellt, das Sie jederzeit einsehen k\u00f6nnen. So haben Sie im Falle eines Wasserschaden eine hohe Kostensicherheit. Das ist besonders wichtig, wenn Sie den Schaden selbst bezahlen m\u00fcssen.<\/p><p>ELEGANTI Bauunternehmung AG ist Ihr Ansprechspartner bei Rohrbruch und Wassersch\u00e4den im Grossraum Luzern. Z\u00f6gern Sie nicht und rufen Sie an!<\/p>\t\t\t\t\t\t\t\t<\/div>\n\t\t\t\t<\/div>\n\t\t\t\t\t<\/div>\n\t\t<\/div>\n\t\t\t\t\t<\/div>\n\t\t<\/section>\n\t\t\t\t<\/div>\n\t\t","protected":false},"excerpt":{"rendered":"<p>WASSERSCH\u00c4DEN Da unkontrolliert sprudelndes Wasser sehr schnell zu hohen Folgesch\u00e4den f\u00fchren kann, ist bei einem Rohrbruch oder anderweitigen Wasserschaden rasche Hilfe erforderlich. Die ELEGANTI Bauunternehmung AG aus Luzern lokalisiert die&#8230;<\/p>\n","protected":false},"author":7,"featured_media":0,"parent":0,"menu_order":2,"comment_status":"closed","ping_status":"closed","template":"elementor_header_footer","meta":{"inline_featured_image":false,"footnotes":""},"class_list":["post-1242","page","type-page","status-publish"],"yoast_head":"<!-- This site is optimized with the Yoast SEO plugin v27.4 - https:\/\/yoast.com\/product\/yoast-seo-wordpress\/ -->\n<title>WASSERSCH\u00c4DEN 24h - Die Luzerner Bauunternehmung AG<\/title>\n<meta name=\"description\" content=\"WASSERSCH\u00c4DEN 24h; Da unkontrolliert sprudelndes Wasser sehr schnell zu hohen Folgesch\u00e4den f\u00fchren kann, ist bei einem Rohrbruch oder ...\" \/>\n<meta name=\"robots\" content=\"index, follow, max-snippet:-1, max-image-preview:large, max-video-preview:-1\" \/>\n<link rel=\"canonical\" href=\"https:\/\/eleganti-bauunternehmung.ch\/?page_id=1242\" \/>\n<meta property=\"og:locale\" content=\"de_DE\" \/>\n<meta property=\"og:type\" content=\"article\" \/>\n<meta property=\"og:title\" content=\"WASSERSCH\u00c4DEN 24h - Die Luzerner Bauunternehmung AG\" \/>\n<meta property=\"og:description\" content=\"WASSERSCH\u00c4DEN 24h; Da unkontrolliert sprudelndes Wasser sehr schnell zu hohen Folgesch\u00e4den f\u00fchren kann, ist bei einem Rohrbruch oder ...\" \/>\n<meta property=\"og:url\" content=\"https:\/\/eleganti-bauunternehmung.ch\/?page_id=1242\" \/>\n<meta property=\"og:site_name\" content=\"ELEGANTI Bauunternehmung AG\" \/>\n<meta property=\"article:modified_time\" content=\"2025-07-08T13:56:55+00:00\" \/>\n<meta property=\"og:image\" content=\"https:\/\/eleganti-bauunternehmung.ch\/wp-content\/uploads\/2021\/06\/eleganti-WASSERSCHAEDEN-24-H_1.jpg\" \/>\n<meta name=\"twitter:card\" content=\"summary_large_image\" \/>\n<meta name=\"twitter:label1\" content=\"Gesch\u00e4tzte Lesezeit\" \/>\n\t<meta name=\"twitter:data1\" content=\"3\u00a0Minuten\" \/>\n<script type=\"application\/ld+json\" class=\"yoast-schema-graph\">{\"@context\":\"https:\\\/\\\/schema.org\",\"@graph\":[{\"@type\":\"WebPage\",\"@id\":\"https:\\\/\\\/eleganti-bauunternehmung.ch\\\/?page_id=1242\",\"url\":\"https:\\\/\\\/eleganti-bauunternehmung.ch\\\/?page_id=1242\",\"name\":\"WASSERSCH\u00c4DEN 24h - Die Luzerner Bauunternehmung AG\",\"isPartOf\":{\"@id\":\"https:\\\/\\\/eleganti-bauunternehmung.ch\\\/#website\"},\"primaryImageOfPage\":{\"@id\":\"https:\\\/\\\/eleganti-bauunternehmung.ch\\\/?page_id=1242#primaryimage\"},\"image\":{\"@id\":\"https:\\\/\\\/eleganti-bauunternehmung.ch\\\/?page_id=1242#primaryimage\"},\"thumbnailUrl\":\"https:\\\/\\\/eleganti-bauunternehmung.ch\\\/wp-content\\\/uploads\\\/2021\\\/06\\\/eleganti-WASSERSCHAEDEN-24-H_1.jpg\",\"datePublished\":\"2021-06-11T09:48:01+00:00\",\"dateModified\":\"2025-07-08T13:56:55+00:00\",\"description\":\"WASSERSCH\u00c4DEN 24h; Da unkontrolliert sprudelndes Wasser sehr schnell zu hohen Folgesch\u00e4den f\u00fchren kann, ist bei einem Rohrbruch oder ...\",\"breadcrumb\":{\"@id\":\"https:\\\/\\\/eleganti-bauunternehmung.ch\\\/?page_id=1242#breadcrumb\"},\"inLanguage\":\"de\",\"potentialAction\":[{\"@type\":\"ReadAction\",\"target\":[\"https:\\\/\\\/eleganti-bauunternehmung.ch\\\/?page_id=1242\"]}]},{\"@type\":\"ImageObject\",\"inLanguage\":\"de\",\"@id\":\"https:\\\/\\\/eleganti-bauunternehmung.ch\\\/?page_id=1242#primaryimage\",\"url\":\"https:\\\/\\\/eleganti-bauunternehmung.ch\\\/wp-content\\\/uploads\\\/2021\\\/06\\\/eleganti-WASSERSCHAEDEN-24-H_1.jpg\",\"contentUrl\":\"https:\\\/\\\/eleganti-bauunternehmung.ch\\\/wp-content\\\/uploads\\\/2021\\\/06\\\/eleganti-WASSERSCHAEDEN-24-H_1.jpg\",\"width\":900,\"height\":601},{\"@type\":\"BreadcrumbList\",\"@id\":\"https:\\\/\\\/eleganti-bauunternehmung.ch\\\/?page_id=1242#breadcrumb\",\"itemListElement\":[{\"@type\":\"ListItem\",\"position\":1,\"name\":\"Startseite\",\"item\":\"https:\\\/\\\/eleganti-bauunternehmung.ch\\\/\"},{\"@type\":\"ListItem\",\"position\":2,\"name\":\"WASSERSCH\u00c4DEN\"}]},{\"@type\":\"WebSite\",\"@id\":\"https:\\\/\\\/eleganti-bauunternehmung.ch\\\/#website\",\"url\":\"https:\\\/\\\/eleganti-bauunternehmung.ch\\\/\",\"name\":\"ELEGANTI Bauunternehmung AG\",\"description\":\"www.eleganti-bauunternehmung.ch\",\"publisher\":{\"@id\":\"https:\\\/\\\/eleganti-bauunternehmung.ch\\\/#organization\"},\"potentialAction\":[{\"@type\":\"SearchAction\",\"target\":{\"@type\":\"EntryPoint\",\"urlTemplate\":\"https:\\\/\\\/eleganti-bauunternehmung.ch\\\/?s={search_term_string}\"},\"query-input\":{\"@type\":\"PropertyValueSpecification\",\"valueRequired\":true,\"valueName\":\"search_term_string\"}}],\"inLanguage\":\"de\"},{\"@type\":\"Organization\",\"@id\":\"https:\\\/\\\/eleganti-bauunternehmung.ch\\\/#organization\",\"name\":\"Webseite Name\",\"url\":\"https:\\\/\\\/eleganti-bauunternehmung.ch\\\/\",\"logo\":{\"@type\":\"ImageObject\",\"inLanguage\":\"de\",\"@id\":\"https:\\\/\\\/eleganti-bauunternehmung.ch\\\/#\\\/schema\\\/logo\\\/image\\\/\",\"url\":\"\",\"contentUrl\":\"\",\"caption\":\"Webseite Name\"},\"image\":{\"@id\":\"https:\\\/\\\/eleganti-bauunternehmung.ch\\\/#\\\/schema\\\/logo\\\/image\\\/\"}}]}<\/script>\n<!-- \/ Yoast SEO plugin. -->","yoast_head_json":{"title":"WASSERSCH\u00c4DEN 24h - Die Luzerner Bauunternehmung AG","description":"WASSERSCH\u00c4DEN 24h; Da unkontrolliert sprudelndes Wasser sehr schnell zu hohen Folgesch\u00e4den f\u00fchren kann, ist bei einem Rohrbruch oder ...","robots":{"index":"index","follow":"follow","max-snippet":"max-snippet:-1","max-image-preview":"max-image-preview:large","max-video-preview":"max-video-preview:-1"},"canonical":"https:\/\/eleganti-bauunternehmung.ch\/?page_id=1242","og_locale":"de_DE","og_type":"article","og_title":"WASSERSCH\u00c4DEN 24h - Die Luzerner Bauunternehmung AG","og_description":"WASSERSCH\u00c4DEN 24h; Da unkontrolliert sprudelndes Wasser sehr schnell zu hohen Folgesch\u00e4den f\u00fchren kann, ist bei einem Rohrbruch oder ...","og_url":"https:\/\/eleganti-bauunternehmung.ch\/?page_id=1242","og_site_name":"ELEGANTI Bauunternehmung AG","article_modified_time":"2025-07-08T13:56:55+00:00","og_image":[{"url":"https:\/\/eleganti-bauunternehmung.ch\/wp-content\/uploads\/2021\/06\/eleganti-WASSERSCHAEDEN-24-H_1.jpg","type":"","width":"","height":""}],"twitter_card":"summary_large_image","twitter_misc":{"Gesch\u00e4tzte Lesezeit":"3\u00a0Minuten"},"schema":{"@context":"https:\/\/schema.org","@graph":[{"@type":"WebPage","@id":"https:\/\/eleganti-bauunternehmung.ch\/?page_id=1242","url":"https:\/\/eleganti-bauunternehmung.ch\/?page_id=1242","name":"WASSERSCH\u00c4DEN 24h - Die Luzerner Bauunternehmung AG","isPartOf":{"@id":"https:\/\/eleganti-bauunternehmung.ch\/#website"},"primaryImageOfPage":{"@id":"https:\/\/eleganti-bauunternehmung.ch\/?page_id=1242#primaryimage"},"image":{"@id":"https:\/\/eleganti-bauunternehmung.ch\/?page_id=1242#primaryimage"},"thumbnailUrl":"https:\/\/eleganti-bauunternehmung.ch\/wp-content\/uploads\/2021\/06\/eleganti-WASSERSCHAEDEN-24-H_1.jpg","datePublished":"2021-06-11T09:48:01+00:00","dateModified":"2025-07-08T13:56:55+00:00","description":"WASSERSCH\u00c4DEN 24h; Da unkontrolliert sprudelndes Wasser sehr schnell zu hohen Folgesch\u00e4den f\u00fchren kann, ist bei einem Rohrbruch oder ...","breadcrumb":{"@id":"https:\/\/eleganti-bauunternehmung.ch\/?page_id=1242#breadcrumb"},"inLanguage":"de","potentialAction":[{"@type":"ReadAction","target":["https:\/\/eleganti-bauunternehmung.ch\/?page_id=1242"]}]},{"@type":"ImageObject","inLanguage":"de","@id":"https:\/\/eleganti-bauunternehmung.ch\/?page_id=1242#primaryimage","url":"https:\/\/eleganti-bauunternehmung.ch\/wp-content\/uploads\/2021\/06\/eleganti-WASSERSCHAEDEN-24-H_1.jpg","contentUrl":"https:\/\/eleganti-bauunternehmung.ch\/wp-content\/uploads\/2021\/06\/eleganti-WASSERSCHAEDEN-24-H_1.jpg","width":900,"height":601},{"@type":"BreadcrumbList","@id":"https:\/\/eleganti-bauunternehmung.ch\/?page_id=1242#breadcrumb","itemListElement":[{"@type":"ListItem","position":1,"name":"Startseite","item":"https:\/\/eleganti-bauunternehmung.ch\/"},{"@type":"ListItem","position":2,"name":"WASSERSCH\u00c4DEN"}]},{"@type":"WebSite","@id":"https:\/\/eleganti-bauunternehmung.ch\/#website","url":"https:\/\/eleganti-bauunternehmung.ch\/","name":"ELEGANTI Bauunternehmung AG","description":"www.eleganti-bauunternehmung.ch","publisher":{"@id":"https:\/\/eleganti-bauunternehmung.ch\/#organization"},"potentialAction":[{"@type":"SearchAction","target":{"@type":"EntryPoint","urlTemplate":"https:\/\/eleganti-bauunternehmung.ch\/?s={search_term_string}"},"query-input":{"@type":"PropertyValueSpecification","valueRequired":true,"valueName":"search_term_string"}}],"inLanguage":"de"},{"@type":"Organization","@id":"https:\/\/eleganti-bauunternehmung.ch\/#organization","name":"Webseite Name","url":"https:\/\/eleganti-bauunternehmung.ch\/","logo":{"@type":"ImageObject","inLanguage":"de","@id":"https:\/\/eleganti-bauunternehmung.ch\/#\/schema\/logo\/image\/","url":"","contentUrl":"","caption":"Webseite Name"},"image":{"@id":"https:\/\/eleganti-bauunternehmung.ch\/#\/schema\/logo\/image\/"}}]}},"_links":{"self":[{"href":"https:\/\/eleganti-bauunternehmung.ch\/index.php?rest_route=\/wp\/v2\/pages\/1242","targetHints":{"allow":["GET"]}}],"collection":[{"href":"https:\/\/eleganti-bauunternehmung.ch\/index.php?rest_route=\/wp\/v2\/pages"}],"about":[{"href":"https:\/\/eleganti-bauunternehmung.ch\/index.php?rest_route=\/wp\/v2\/types\/page"}],"author":[{"embeddable":true,"href":"https:\/\/eleganti-bauunternehmung.ch\/index.php?rest_route=\/wp\/v2\/users\/7"}],"replies":[{"embeddable":true,"href":"https:\/\/eleganti-bauunternehmung.ch\/index.php?rest_route=%2Fwp%2Fv2%2Fcomments&post=1242"}],"version-history":[{"count":12,"href":"https:\/\/eleganti-bauunternehmung.ch\/index.php?rest_route=\/wp\/v2\/pages\/1242\/revisions"}],"predecessor-version":[{"id":3056,"href":"https:\/\/eleganti-bauunternehmung.ch\/index.php?rest_route=\/wp\/v2\/pages\/1242\/revisions\/3056"}],"wp:attachment":[{"href":"https:\/\/eleganti-bauunternehmung.ch\/index.php?rest_route=%2Fwp%2Fv2%2Fmedia&parent=1242"}],"curies":[{"name":"wp","href":"https:\/\/api.w.org\/{rel}","templated":true}]}}