{"id":1246,"date":"2021-06-11T11:49:00","date_gmt":"2021-06-11T09:49:00","guid":{"rendered":"https:\/\/eleganti-bauunternehmung.ch\/?page_id=1246"},"modified":"2021-08-30T13:43:37","modified_gmt":"2021-08-30T11:43:37","slug":"fassadensanierung","status":"publish","type":"page","link":"https:\/\/eleganti-bauunternehmung.ch\/?page_id=1246","title":{"rendered":"FASSADENSANIERUNG"},"content":{"rendered":"\t\t<div data-elementor-type=\"wp-page\" data-elementor-id=\"1246\" class=\"elementor elementor-1246\" data-elementor-post-type=\"page\">\n\t\t\t\t\t\t<section class=\"elementor-section elementor-top-section elementor-element elementor-element-76a5595d elementor-section-height-min-height elementor-section-items-bottom elementor-section-boxed elementor-section-height-default\" data-id=\"76a5595d\" data-element_type=\"section\" data-e-type=\"section\" data-settings=\"{&quot;background_background&quot;:&quot;classic&quot;}\">\n\t\t\t\t\t\t\t<div class=\"elementor-background-overlay\"><\/div>\n\t\t\t\t\t\t\t<div class=\"elementor-container elementor-column-gap-default\">\n\t\t\t\t\t<div class=\"elementor-column elementor-col-100 elementor-top-column elementor-element elementor-element-10dd0c8\" data-id=\"10dd0c8\" data-element_type=\"column\" data-e-type=\"column\">\n\t\t\t<div class=\"elementor-widget-wrap elementor-element-populated\">\n\t\t\t\t\t\t<div class=\"elementor-element elementor-element-2fceaed8 elementor-widget elementor-widget-heading\" data-id=\"2fceaed8\" data-element_type=\"widget\" data-e-type=\"widget\" data-widget_type=\"heading.default\">\n\t\t\t\t<div class=\"elementor-widget-container\">\n\t\t\t\t\t<h2 class=\"elementor-heading-title elementor-size-default\">FASSADENSANIERUNG<\/h2>\t\t\t\t<\/div>\n\t\t\t\t<\/div>\n\t\t\t\t\t<\/div>\n\t\t<\/div>\n\t\t\t\t\t<\/div>\n\t\t<\/section>\n\t\t\t\t<section class=\"elementor-section elementor-top-section elementor-element elementor-element-55c974cc elementor-section-boxed elementor-section-height-default elementor-section-height-default\" data-id=\"55c974cc\" data-element_type=\"section\" data-e-type=\"section\">\n\t\t\t\t\t\t<div class=\"elementor-container elementor-column-gap-default\">\n\t\t\t\t\t<div class=\"elementor-column elementor-col-100 elementor-top-column elementor-element elementor-element-4c8b5ee2\" data-id=\"4c8b5ee2\" data-element_type=\"column\" data-e-type=\"column\">\n\t\t\t<div class=\"elementor-widget-wrap elementor-element-populated\">\n\t\t\t\t\t\t<div class=\"elementor-element elementor-element-b3450d8 elementor-widget elementor-widget-text-editor\" data-id=\"b3450d8\" data-element_type=\"widget\" data-e-type=\"widget\" data-widget_type=\"text-editor.default\">\n\t\t\t\t<div class=\"elementor-widget-container\">\n\t\t\t\t\t\t\t\t\t<p>Der Fassadenanstrich bl\u00e4ttert ab, im Oberputz zeigen sich Risse oder die Fassade Ihrer Immobilie ist einfach nur alt und nicht ged\u00e4mmt. Vielleicht w\u00fcnschen Sie sich f\u00fcr die \u00e4ussere H\u00fclle Ihres Hauses modernen Putz statt Beton oder eine schicke neue Farbe. Die Gr\u00fcnde, die eine Fassadensanierung erforderlich machen, sind so verschieden wie die m\u00f6glichen Massnahmen. Mit der ELEGANTI Bauunternehmung AG haben Sie einen erfahrenen Partner an Ihrer Seite, der Sie in allen Belangen rund um die Renovation und Sanierung Ihrer Fassade mit Rat und Tat unterst\u00fctzt.<\/p>\t\t\t\t\t\t\t\t<\/div>\n\t\t\t\t<\/div>\n\t\t\t\t\t<\/div>\n\t\t<\/div>\n\t\t\t\t\t<\/div>\n\t\t<\/section>\n\t\t\t\t<section class=\"elementor-section elementor-top-section elementor-element elementor-element-ba80c71 elementor-section-boxed elementor-section-height-default elementor-section-height-default\" data-id=\"ba80c71\" data-element_type=\"section\" data-e-type=\"section\" data-settings=\"{&quot;background_background&quot;:&quot;classic&quot;}\">\n\t\t\t\t\t\t\t<div class=\"elementor-background-overlay\"><\/div>\n\t\t\t\t\t\t\t<div class=\"elementor-container elementor-column-gap-default\">\n\t\t\t\t\t<div class=\"elementor-column elementor-col-100 elementor-top-column elementor-element elementor-element-33a96739\" data-id=\"33a96739\" data-element_type=\"column\" data-e-type=\"column\">\n\t\t\t<div class=\"elementor-widget-wrap elementor-element-populated\">\n\t\t\t\t\t\t<div class=\"elementor-element elementor-element-226c2e4 elementor-widget elementor-widget-heading\" data-id=\"226c2e4\" data-element_type=\"widget\" data-e-type=\"widget\" data-widget_type=\"heading.default\">\n\t\t\t\t<div class=\"elementor-widget-container\">\n\t\t\t\t\t<h2 class=\"elementor-heading-title elementor-size-default\">Fassadensanierung - wichtiger Bestandteil des Werterhalts einer Immobilie<\/h2>\t\t\t\t<\/div>\n\t\t\t\t<\/div>\n\t\t\t\t<div class=\"elementor-element elementor-element-1fac1756 elementor-widget-divider--view-line elementor-widget elementor-widget-divider\" data-id=\"1fac1756\" data-element_type=\"widget\" data-e-type=\"widget\" data-widget_type=\"divider.default\">\n\t\t\t\t<div class=\"elementor-widget-container\">\n\t\t\t\t\t\t\t<div class=\"elementor-divider\">\n\t\t\t<span class=\"elementor-divider-separator\">\n\t\t\t\t\t\t<\/span>\n\t\t<\/div>\n\t\t\t\t\t\t<\/div>\n\t\t\t\t<\/div>\n\t\t\t\t<div class=\"elementor-element elementor-element-1e6874bc elementor-widget elementor-widget-text-editor\" data-id=\"1e6874bc\" data-element_type=\"widget\" data-e-type=\"widget\" data-widget_type=\"text-editor.default\">\n\t\t\t\t<div class=\"elementor-widget-container\">\n\t\t\t\t\t\t\t\t\t<p>Jede Fassade hat mit Wind und Wetter zu k\u00e4mpfen. Durch kleine, frostbedingte Risse kann Regenwasser eindringen und eine ehemals sch\u00f6ne Geb\u00e4udeh\u00fclle ist pl\u00f6tzlich bauf\u00e4llig. Auch Fenster\u00f6ffnungen und Balkone sind f\u00fcr langfristige Sch\u00e4den typische Angriffsfl\u00e4chen. Hinzu kommt: Je \u00e4lter eine Fassade ist, umso h\u00f6her sind baubedingte Energieverluste. Mit einer energetischen Fassadensanierung machen Hausbesitzer ihre Objekte fit f\u00fcr die Zukunft.<\/p>\t\t\t\t\t\t\t\t<\/div>\n\t\t\t\t<\/div>\n\t\t\t\t<div class=\"elementor-element elementor-element-76efed4 elementor-widget elementor-widget-heading\" data-id=\"76efed4\" data-element_type=\"widget\" data-e-type=\"widget\" data-widget_type=\"heading.default\">\n\t\t\t\t<div class=\"elementor-widget-container\">\n\t\t\t\t\t<h2 class=\"elementor-heading-title elementor-size-default\">Verschiedenste Fassadenarten aus einer Hand<\/h2>\t\t\t\t<\/div>\n\t\t\t\t<\/div>\n\t\t\t\t<div class=\"elementor-element elementor-element-61721795 elementor-widget-divider--view-line elementor-widget elementor-widget-divider\" data-id=\"61721795\" data-element_type=\"widget\" data-e-type=\"widget\" data-widget_type=\"divider.default\">\n\t\t\t\t<div class=\"elementor-widget-container\">\n\t\t\t\t\t\t\t<div class=\"elementor-divider\">\n\t\t\t<span class=\"elementor-divider-separator\">\n\t\t\t\t\t\t<\/span>\n\t\t<\/div>\n\t\t\t\t\t\t<\/div>\n\t\t\t\t<\/div>\n\t\t\t\t<div class=\"elementor-element elementor-element-7708aea8 elementor-widget elementor-widget-text-editor\" data-id=\"7708aea8\" data-element_type=\"widget\" data-e-type=\"widget\" data-widget_type=\"text-editor.default\">\n\t\t\t\t<div class=\"elementor-widget-container\">\n\t\t\t\t\t\t\t\t\t<p>Der Aufbau und die Gestaltung Schweizer Fassaden sind so verschieden wie die H\u00e4user, zu denen sie geh\u00f6ren. Sie bestehen aus Holz, Putz, Metall, Kunststoff, Klinkern oder Faserzement. Dazu kommen die unterschiedlichsten D\u00e4mmstoffe sowie die individuelle Gestaltung mit Materialkombinationen. Mit der ELEGANTI Bauunternehmung AG sparen Sie sich die aufwendige Suche nach spezialisierten Handwerkern verschiedener Gewerke. Unsere erfahrenen Teams aus Ger\u00fcstbauern, Spenglern, Fensterbauern und Malern kennen sich mit allen in der Schweiz vorkommenden Fassadentypen aus und \u00fcbernehmen die Gesamtverantwortung in allen Belangen.<br \/><br \/>Der Vorteil liegt auf der Hand: Von der Beratung \u00fcber die Planung und Umsetzung bis hin zur Garantie haben Sie nur einen Ansprechpartner, der auch h\u00e4lt, was er verspricht!<\/p>\t\t\t\t\t\t\t\t<\/div>\n\t\t\t\t<\/div>\n\t\t\t\t\t<\/div>\n\t\t<\/div>\n\t\t\t\t\t<\/div>\n\t\t<\/section>\n\t\t\t\t<section class=\"elementor-section elementor-top-section elementor-element elementor-element-f616741 elementor-section-full_width elementor-section-height-default elementor-section-height-default\" data-id=\"f616741\" data-element_type=\"section\" data-e-type=\"section\">\n\t\t\t\t\t\t<div class=\"elementor-container elementor-column-gap-no\">\n\t\t\t\t\t<div class=\"elementor-column elementor-col-33 elementor-top-column elementor-element elementor-element-3151c8b1\" data-id=\"3151c8b1\" data-element_type=\"column\" data-e-type=\"column\">\n\t\t\t<div class=\"elementor-widget-wrap elementor-element-populated\">\n\t\t\t\t\t\t<div class=\"elementor-element elementor-element-1d931fbc elementor-widget elementor-widget-image\" data-id=\"1d931fbc\" data-element_type=\"widget\" data-e-type=\"widget\" data-widget_type=\"image.default\">\n\t\t\t\t<div class=\"elementor-widget-container\">\n\t\t\t\t\t\t\t\t\t\t\t\t\t\t\t<img fetchpriority=\"high\" decoding=\"async\" width=\"900\" height=\"601\" src=\"https:\/\/eleganti-bauunternehmung.ch\/wp-content\/uploads\/2021\/06\/eleganti-FASSADENSANIERUNG_1.jpg\" class=\"attachment-large size-large wp-image-2280\" alt=\"\" srcset=\"https:\/\/eleganti-bauunternehmung.ch\/wp-content\/uploads\/2021\/06\/eleganti-FASSADENSANIERUNG_1.jpg 900w, https:\/\/eleganti-bauunternehmung.ch\/wp-content\/uploads\/2021\/06\/eleganti-FASSADENSANIERUNG_1-600x400.jpg 600w, https:\/\/eleganti-bauunternehmung.ch\/wp-content\/uploads\/2021\/06\/eleganti-FASSADENSANIERUNG_1-768x513.jpg 768w\" sizes=\"(max-width: 900px) 100vw, 900px\" \/>\t\t\t\t\t\t\t\t\t\t\t\t\t\t\t<\/div>\n\t\t\t\t<\/div>\n\t\t\t\t\t<\/div>\n\t\t<\/div>\n\t\t\t\t<div class=\"elementor-column elementor-col-33 elementor-top-column elementor-element elementor-element-6fceffc2\" data-id=\"6fceffc2\" data-element_type=\"column\" data-e-type=\"column\">\n\t\t\t<div class=\"elementor-widget-wrap elementor-element-populated\">\n\t\t\t\t\t\t<div class=\"elementor-element elementor-element-3940e898 elementor-widget elementor-widget-image\" data-id=\"3940e898\" data-element_type=\"widget\" data-e-type=\"widget\" data-widget_type=\"image.default\">\n\t\t\t\t<div class=\"elementor-widget-container\">\n\t\t\t\t\t\t\t\t\t\t\t\t\t\t\t<img decoding=\"async\" width=\"900\" height=\"601\" src=\"https:\/\/eleganti-bauunternehmung.ch\/wp-content\/uploads\/2021\/06\/eleganti-FASSADENSANIERUNG_2.jpg\" class=\"attachment-large size-large wp-image-2281\" alt=\"\" srcset=\"https:\/\/eleganti-bauunternehmung.ch\/wp-content\/uploads\/2021\/06\/eleganti-FASSADENSANIERUNG_2.jpg 900w, https:\/\/eleganti-bauunternehmung.ch\/wp-content\/uploads\/2021\/06\/eleganti-FASSADENSANIERUNG_2-600x400.jpg 600w, https:\/\/eleganti-bauunternehmung.ch\/wp-content\/uploads\/2021\/06\/eleganti-FASSADENSANIERUNG_2-768x513.jpg 768w\" sizes=\"(max-width: 900px) 100vw, 900px\" \/>\t\t\t\t\t\t\t\t\t\t\t\t\t\t\t<\/div>\n\t\t\t\t<\/div>\n\t\t\t\t\t<\/div>\n\t\t<\/div>\n\t\t\t\t<div class=\"elementor-column elementor-col-33 elementor-top-column elementor-element elementor-element-237653ea\" data-id=\"237653ea\" data-element_type=\"column\" data-e-type=\"column\">\n\t\t\t<div class=\"elementor-widget-wrap elementor-element-populated\">\n\t\t\t\t\t\t<div class=\"elementor-element elementor-element-7b05dcdc elementor-widget elementor-widget-image\" data-id=\"7b05dcdc\" data-element_type=\"widget\" data-e-type=\"widget\" data-widget_type=\"image.default\">\n\t\t\t\t<div class=\"elementor-widget-container\">\n\t\t\t\t\t\t\t\t\t\t\t\t\t\t\t<img decoding=\"async\" width=\"900\" height=\"601\" src=\"https:\/\/eleganti-bauunternehmung.ch\/wp-content\/uploads\/2021\/06\/eleganti-FASSADENSANIERUNG_3.jpg\" class=\"attachment-large size-large wp-image-2282\" alt=\"\" srcset=\"https:\/\/eleganti-bauunternehmung.ch\/wp-content\/uploads\/2021\/06\/eleganti-FASSADENSANIERUNG_3.jpg 900w, https:\/\/eleganti-bauunternehmung.ch\/wp-content\/uploads\/2021\/06\/eleganti-FASSADENSANIERUNG_3-600x400.jpg 600w, https:\/\/eleganti-bauunternehmung.ch\/wp-content\/uploads\/2021\/06\/eleganti-FASSADENSANIERUNG_3-768x513.jpg 768w\" sizes=\"(max-width: 900px) 100vw, 900px\" \/>\t\t\t\t\t\t\t\t\t\t\t\t\t\t\t<\/div>\n\t\t\t\t<\/div>\n\t\t\t\t\t<\/div>\n\t\t<\/div>\n\t\t\t\t\t<\/div>\n\t\t<\/section>\n\t\t\t\t<section class=\"elementor-section elementor-top-section elementor-element elementor-element-59d1772c elementor-section-boxed elementor-section-height-default elementor-section-height-default\" data-id=\"59d1772c\" data-element_type=\"section\" data-e-type=\"section\" data-settings=\"{&quot;background_background&quot;:&quot;classic&quot;}\">\n\t\t\t\t\t\t\t<div class=\"elementor-background-overlay\"><\/div>\n\t\t\t\t\t\t\t<div class=\"elementor-container elementor-column-gap-default\">\n\t\t\t\t\t<div class=\"elementor-column elementor-col-100 elementor-top-column elementor-element elementor-element-7fa7342f\" data-id=\"7fa7342f\" data-element_type=\"column\" data-e-type=\"column\">\n\t\t\t<div class=\"elementor-widget-wrap elementor-element-populated\">\n\t\t\t\t\t\t<div class=\"elementor-element elementor-element-1714af81 elementor-widget elementor-widget-heading\" data-id=\"1714af81\" data-element_type=\"widget\" data-e-type=\"widget\" data-widget_type=\"heading.default\">\n\t\t\t\t<div class=\"elementor-widget-container\">\n\t\t\t\t\t<h2 class=\"elementor-heading-title elementor-size-default\">Energetische Fassadensanierung spart bis zu einem Viertel an Energiekosten<\/h2>\t\t\t\t<\/div>\n\t\t\t\t<\/div>\n\t\t\t\t<div class=\"elementor-element elementor-element-1841e2da elementor-widget-divider--view-line elementor-widget elementor-widget-divider\" data-id=\"1841e2da\" data-element_type=\"widget\" data-e-type=\"widget\" data-widget_type=\"divider.default\">\n\t\t\t\t<div class=\"elementor-widget-container\">\n\t\t\t\t\t\t\t<div class=\"elementor-divider\">\n\t\t\t<span class=\"elementor-divider-separator\">\n\t\t\t\t\t\t<\/span>\n\t\t<\/div>\n\t\t\t\t\t\t<\/div>\n\t\t\t\t<\/div>\n\t\t\t\t<div class=\"elementor-element elementor-element-3e4be41c elementor-widget elementor-widget-text-editor\" data-id=\"3e4be41c\" data-element_type=\"widget\" data-e-type=\"widget\" data-widget_type=\"text-editor.default\">\n\t\t\t\t<div class=\"elementor-widget-container\">\n\t\t\t\t\t\t\t\t\t<p>Sie planen eine Fassadenreparatur oder einen neuen Anstrich? Dann sind Sie gut beraten, wenn Sie das Sch\u00f6ne mit dem N\u00fctzlichen verbinden und Ihre Fassade gleich mit d\u00e4mmen. Aufgrund der enormen Energieeinsparung rechnet sich diese Massnahme, insbesondere bei \u00e4lteren H\u00e4usern, binnen weniger Jahre. Zudem leisten Sie mit einer energetischen Fassadensanierung einen aktiven Beitrag zum Klimaschutz. Mit der ELEGANTI Bauunternehmung AG wird Ihre Immobilie zukunftsf\u00e4hig! Und das Beste: Ihr Kanton unterst\u00fctzt Ihr Fassadenprojekt mit F\u00f6rdermitteln!<br \/><br \/>Richtig geplant kostet Sie die Fassadensanierung kurzfristig nicht mehr, als w\u00fcrden Sie den aktuellen Zustand aufrechterhalten. Langfristig sparen Sie enorm! Sprechen Sie uns an. Unsere Experten sind stets auf neuestem Stand und beraten Sie gern!<\/p>\t\t\t\t\t\t\t\t<\/div>\n\t\t\t\t<\/div>\n\t\t\t\t\t<\/div>\n\t\t<\/div>\n\t\t\t\t\t<\/div>\n\t\t<\/section>\n\t\t\t\t<\/div>\n\t\t","protected":false},"excerpt":{"rendered":"<p>FASSADENSANIERUNG Der Fassadenanstrich bl\u00e4ttert ab, im Oberputz zeigen sich Risse oder die Fassade Ihrer Immobilie ist einfach nur alt und nicht ged\u00e4mmt. Vielleicht w\u00fcnschen Sie sich f\u00fcr die \u00e4ussere H\u00fclle&#8230;<\/p>\n","protected":false},"author":7,"featured_media":0,"parent":0,"menu_order":2,"comment_status":"closed","ping_status":"closed","template":"elementor_header_footer","meta":{"inline_featured_image":false,"footnotes":""},"class_list":["post-1246","page","type-page","status-publish"],"yoast_head":"<!-- This site is optimized with the Yoast SEO plugin v27.5 - https:\/\/yoast.com\/product\/yoast-seo-wordpress\/ -->\n<title>FASSADENSANIERUNG - Die Luzerner Bauunternehmung AG<\/title>\n<meta name=\"description\" content=\"FASSADENSANIERUNG; Der Fassadenanstrich bl\u00e4ttert ab, im Oberputz zeigen sich Risse oder die Fassade Ihrer Immobilie ist einfach nur alt ...\" \/>\n<meta name=\"robots\" content=\"index, follow, max-snippet:-1, max-image-preview:large, max-video-preview:-1\" \/>\n<link rel=\"canonical\" href=\"https:\/\/eleganti-bauunternehmung.ch\/?page_id=1246\" \/>\n<meta property=\"og:locale\" content=\"de_DE\" \/>\n<meta property=\"og:type\" content=\"article\" \/>\n<meta property=\"og:title\" content=\"FASSADENSANIERUNG - Die Luzerner Bauunternehmung AG\" \/>\n<meta property=\"og:description\" content=\"FASSADENSANIERUNG; Der Fassadenanstrich bl\u00e4ttert ab, im Oberputz zeigen sich Risse oder die Fassade Ihrer Immobilie ist einfach nur alt ...\" \/>\n<meta property=\"og:url\" content=\"https:\/\/eleganti-bauunternehmung.ch\/?page_id=1246\" \/>\n<meta property=\"og:site_name\" content=\"ELEGANTI Bauunternehmung AG\" \/>\n<meta property=\"article:modified_time\" content=\"2021-08-30T11:43:37+00:00\" \/>\n<meta property=\"og:image\" content=\"https:\/\/eleganti-bauunternehmung.ch\/wp-content\/uploads\/2021\/06\/eleganti-FASSADENSANIERUNG_1.jpg\" \/>\n<meta name=\"twitter:card\" content=\"summary_large_image\" \/>\n<meta name=\"twitter:label1\" content=\"Gesch\u00e4tzte Lesezeit\" \/>\n\t<meta name=\"twitter:data1\" content=\"3\u00a0Minuten\" \/>\n<script type=\"application\/ld+json\" class=\"yoast-schema-graph\">{\"@context\":\"https:\\\/\\\/schema.org\",\"@graph\":[{\"@type\":\"WebPage\",\"@id\":\"https:\\\/\\\/eleganti-bauunternehmung.ch\\\/?page_id=1246\",\"url\":\"https:\\\/\\\/eleganti-bauunternehmung.ch\\\/?page_id=1246\",\"name\":\"FASSADENSANIERUNG - Die Luzerner Bauunternehmung AG\",\"isPartOf\":{\"@id\":\"https:\\\/\\\/eleganti-bauunternehmung.ch\\\/#website\"},\"primaryImageOfPage\":{\"@id\":\"https:\\\/\\\/eleganti-bauunternehmung.ch\\\/?page_id=1246#primaryimage\"},\"image\":{\"@id\":\"https:\\\/\\\/eleganti-bauunternehmung.ch\\\/?page_id=1246#primaryimage\"},\"thumbnailUrl\":\"https:\\\/\\\/eleganti-bauunternehmung.ch\\\/wp-content\\\/uploads\\\/2021\\\/06\\\/eleganti-FASSADENSANIERUNG_1.jpg\",\"datePublished\":\"2021-06-11T09:49:00+00:00\",\"dateModified\":\"2021-08-30T11:43:37+00:00\",\"description\":\"FASSADENSANIERUNG; Der Fassadenanstrich bl\u00e4ttert ab, im Oberputz zeigen sich Risse oder die Fassade Ihrer Immobilie ist einfach nur alt ...\",\"breadcrumb\":{\"@id\":\"https:\\\/\\\/eleganti-bauunternehmung.ch\\\/?page_id=1246#breadcrumb\"},\"inLanguage\":\"de\",\"potentialAction\":[{\"@type\":\"ReadAction\",\"target\":[\"https:\\\/\\\/eleganti-bauunternehmung.ch\\\/?page_id=1246\"]}]},{\"@type\":\"ImageObject\",\"inLanguage\":\"de\",\"@id\":\"https:\\\/\\\/eleganti-bauunternehmung.ch\\\/?page_id=1246#primaryimage\",\"url\":\"https:\\\/\\\/eleganti-bauunternehmung.ch\\\/wp-content\\\/uploads\\\/2021\\\/06\\\/eleganti-FASSADENSANIERUNG_1.jpg\",\"contentUrl\":\"https:\\\/\\\/eleganti-bauunternehmung.ch\\\/wp-content\\\/uploads\\\/2021\\\/06\\\/eleganti-FASSADENSANIERUNG_1.jpg\",\"width\":900,\"height\":601},{\"@type\":\"BreadcrumbList\",\"@id\":\"https:\\\/\\\/eleganti-bauunternehmung.ch\\\/?page_id=1246#breadcrumb\",\"itemListElement\":[{\"@type\":\"ListItem\",\"position\":1,\"name\":\"Startseite\",\"item\":\"https:\\\/\\\/eleganti-bauunternehmung.ch\\\/\"},{\"@type\":\"ListItem\",\"position\":2,\"name\":\"FASSADENSANIERUNG\"}]},{\"@type\":\"WebSite\",\"@id\":\"https:\\\/\\\/eleganti-bauunternehmung.ch\\\/#website\",\"url\":\"https:\\\/\\\/eleganti-bauunternehmung.ch\\\/\",\"name\":\"ELEGANTI Bauunternehmung AG\",\"description\":\"www.eleganti-bauunternehmung.ch\",\"publisher\":{\"@id\":\"https:\\\/\\\/eleganti-bauunternehmung.ch\\\/#organization\"},\"potentialAction\":[{\"@type\":\"SearchAction\",\"target\":{\"@type\":\"EntryPoint\",\"urlTemplate\":\"https:\\\/\\\/eleganti-bauunternehmung.ch\\\/?s={search_term_string}\"},\"query-input\":{\"@type\":\"PropertyValueSpecification\",\"valueRequired\":true,\"valueName\":\"search_term_string\"}}],\"inLanguage\":\"de\"},{\"@type\":\"Organization\",\"@id\":\"https:\\\/\\\/eleganti-bauunternehmung.ch\\\/#organization\",\"name\":\"Webseite Name\",\"url\":\"https:\\\/\\\/eleganti-bauunternehmung.ch\\\/\",\"logo\":{\"@type\":\"ImageObject\",\"inLanguage\":\"de\",\"@id\":\"https:\\\/\\\/eleganti-bauunternehmung.ch\\\/#\\\/schema\\\/logo\\\/image\\\/\",\"url\":\"\",\"contentUrl\":\"\",\"caption\":\"Webseite Name\"},\"image\":{\"@id\":\"https:\\\/\\\/eleganti-bauunternehmung.ch\\\/#\\\/schema\\\/logo\\\/image\\\/\"}}]}<\/script>\n<!-- \/ Yoast SEO plugin. -->","yoast_head_json":{"title":"FASSADENSANIERUNG - Die Luzerner Bauunternehmung AG","description":"FASSADENSANIERUNG; Der Fassadenanstrich bl\u00e4ttert ab, im Oberputz zeigen sich Risse oder die Fassade Ihrer Immobilie ist einfach nur alt ...","robots":{"index":"index","follow":"follow","max-snippet":"max-snippet:-1","max-image-preview":"max-image-preview:large","max-video-preview":"max-video-preview:-1"},"canonical":"https:\/\/eleganti-bauunternehmung.ch\/?page_id=1246","og_locale":"de_DE","og_type":"article","og_title":"FASSADENSANIERUNG - Die Luzerner Bauunternehmung AG","og_description":"FASSADENSANIERUNG; Der Fassadenanstrich bl\u00e4ttert ab, im Oberputz zeigen sich Risse oder die Fassade Ihrer Immobilie ist einfach nur alt ...","og_url":"https:\/\/eleganti-bauunternehmung.ch\/?page_id=1246","og_site_name":"ELEGANTI Bauunternehmung AG","article_modified_time":"2021-08-30T11:43:37+00:00","og_image":[{"url":"https:\/\/eleganti-bauunternehmung.ch\/wp-content\/uploads\/2021\/06\/eleganti-FASSADENSANIERUNG_1.jpg","type":"","width":"","height":""}],"twitter_card":"summary_large_image","twitter_misc":{"Gesch\u00e4tzte Lesezeit":"3\u00a0Minuten"},"schema":{"@context":"https:\/\/schema.org","@graph":[{"@type":"WebPage","@id":"https:\/\/eleganti-bauunternehmung.ch\/?page_id=1246","url":"https:\/\/eleganti-bauunternehmung.ch\/?page_id=1246","name":"FASSADENSANIERUNG - Die Luzerner Bauunternehmung AG","isPartOf":{"@id":"https:\/\/eleganti-bauunternehmung.ch\/#website"},"primaryImageOfPage":{"@id":"https:\/\/eleganti-bauunternehmung.ch\/?page_id=1246#primaryimage"},"image":{"@id":"https:\/\/eleganti-bauunternehmung.ch\/?page_id=1246#primaryimage"},"thumbnailUrl":"https:\/\/eleganti-bauunternehmung.ch\/wp-content\/uploads\/2021\/06\/eleganti-FASSADENSANIERUNG_1.jpg","datePublished":"2021-06-11T09:49:00+00:00","dateModified":"2021-08-30T11:43:37+00:00","description":"FASSADENSANIERUNG; Der Fassadenanstrich bl\u00e4ttert ab, im Oberputz zeigen sich Risse oder die Fassade Ihrer Immobilie ist einfach nur alt ...","breadcrumb":{"@id":"https:\/\/eleganti-bauunternehmung.ch\/?page_id=1246#breadcrumb"},"inLanguage":"de","potentialAction":[{"@type":"ReadAction","target":["https:\/\/eleganti-bauunternehmung.ch\/?page_id=1246"]}]},{"@type":"ImageObject","inLanguage":"de","@id":"https:\/\/eleganti-bauunternehmung.ch\/?page_id=1246#primaryimage","url":"https:\/\/eleganti-bauunternehmung.ch\/wp-content\/uploads\/2021\/06\/eleganti-FASSADENSANIERUNG_1.jpg","contentUrl":"https:\/\/eleganti-bauunternehmung.ch\/wp-content\/uploads\/2021\/06\/eleganti-FASSADENSANIERUNG_1.jpg","width":900,"height":601},{"@type":"BreadcrumbList","@id":"https:\/\/eleganti-bauunternehmung.ch\/?page_id=1246#breadcrumb","itemListElement":[{"@type":"ListItem","position":1,"name":"Startseite","item":"https:\/\/eleganti-bauunternehmung.ch\/"},{"@type":"ListItem","position":2,"name":"FASSADENSANIERUNG"}]},{"@type":"WebSite","@id":"https:\/\/eleganti-bauunternehmung.ch\/#website","url":"https:\/\/eleganti-bauunternehmung.ch\/","name":"ELEGANTI Bauunternehmung AG","description":"www.eleganti-bauunternehmung.ch","publisher":{"@id":"https:\/\/eleganti-bauunternehmung.ch\/#organization"},"potentialAction":[{"@type":"SearchAction","target":{"@type":"EntryPoint","urlTemplate":"https:\/\/eleganti-bauunternehmung.ch\/?s={search_term_string}"},"query-input":{"@type":"PropertyValueSpecification","valueRequired":true,"valueName":"search_term_string"}}],"inLanguage":"de"},{"@type":"Organization","@id":"https:\/\/eleganti-bauunternehmung.ch\/#organization","name":"Webseite Name","url":"https:\/\/eleganti-bauunternehmung.ch\/","logo":{"@type":"ImageObject","inLanguage":"de","@id":"https:\/\/eleganti-bauunternehmung.ch\/#\/schema\/logo\/image\/","url":"","contentUrl":"","caption":"Webseite Name"},"image":{"@id":"https:\/\/eleganti-bauunternehmung.ch\/#\/schema\/logo\/image\/"}}]}},"_links":{"self":[{"href":"https:\/\/eleganti-bauunternehmung.ch\/index.php?rest_route=\/wp\/v2\/pages\/1246","targetHints":{"allow":["GET"]}}],"collection":[{"href":"https:\/\/eleganti-bauunternehmung.ch\/index.php?rest_route=\/wp\/v2\/pages"}],"about":[{"href":"https:\/\/eleganti-bauunternehmung.ch\/index.php?rest_route=\/wp\/v2\/types\/page"}],"author":[{"embeddable":true,"href":"https:\/\/eleganti-bauunternehmung.ch\/index.php?rest_route=\/wp\/v2\/users\/7"}],"replies":[{"embeddable":true,"href":"https:\/\/eleganti-bauunternehmung.ch\/index.php?rest_route=%2Fwp%2Fv2%2Fcomments&post=1246"}],"version-history":[{"count":3,"href":"https:\/\/eleganti-bauunternehmung.ch\/index.php?rest_route=\/wp\/v2\/pages\/1246\/revisions"}],"predecessor-version":[{"id":2910,"href":"https:\/\/eleganti-bauunternehmung.ch\/index.php?rest_route=\/wp\/v2\/pages\/1246\/revisions\/2910"}],"wp:attachment":[{"href":"https:\/\/eleganti-bauunternehmung.ch\/index.php?rest_route=%2Fwp%2Fv2%2Fmedia&parent=1246"}],"curies":[{"name":"wp","href":"https:\/\/api.w.org\/{rel}","templated":true}]}}