{"id":1281,"date":"2021-06-11T13:14:48","date_gmt":"2021-06-11T11:14:48","guid":{"rendered":"https:\/\/eleganti-bauunternehmung.ch\/?page_id=1281"},"modified":"2021-08-30T16:43:16","modified_gmt":"2021-08-30T14:43:16","slug":"kuechen-u-badrenovation","status":"publish","type":"page","link":"https:\/\/eleganti-bauunternehmung.ch\/?page_id=1281","title":{"rendered":"K\u00dcCHEN- U. BADRENOVATION"},"content":{"rendered":"\t\t<div data-elementor-type=\"wp-page\" data-elementor-id=\"1281\" class=\"elementor elementor-1281\" data-elementor-post-type=\"page\">\n\t\t\t\t\t\t<section class=\"elementor-section elementor-top-section elementor-element elementor-element-78e53eb5 elementor-section-height-min-height elementor-section-items-bottom elementor-section-boxed elementor-section-height-default\" data-id=\"78e53eb5\" data-element_type=\"section\" data-e-type=\"section\" data-settings=\"{&quot;background_background&quot;:&quot;classic&quot;}\">\n\t\t\t\t\t\t\t<div class=\"elementor-background-overlay\"><\/div>\n\t\t\t\t\t\t\t<div class=\"elementor-container elementor-column-gap-default\">\n\t\t\t\t\t<div class=\"elementor-column elementor-col-100 elementor-top-column elementor-element elementor-element-5f11e950\" data-id=\"5f11e950\" data-element_type=\"column\" data-e-type=\"column\">\n\t\t\t<div class=\"elementor-widget-wrap elementor-element-populated\">\n\t\t\t\t\t\t<div class=\"elementor-element elementor-element-2e93b44c elementor-widget elementor-widget-heading\" data-id=\"2e93b44c\" data-element_type=\"widget\" data-e-type=\"widget\" data-widget_type=\"heading.default\">\n\t\t\t\t<div class=\"elementor-widget-container\">\n\t\t\t\t\t<h2 class=\"elementor-heading-title elementor-size-default\">K\u00dcCHEN- U. BADRENOVATION<\/h2>\t\t\t\t<\/div>\n\t\t\t\t<\/div>\n\t\t\t\t\t<\/div>\n\t\t<\/div>\n\t\t\t\t\t<\/div>\n\t\t<\/section>\n\t\t\t\t<section class=\"elementor-section elementor-top-section elementor-element elementor-element-6ae360df elementor-section-boxed elementor-section-height-default elementor-section-height-default\" data-id=\"6ae360df\" data-element_type=\"section\" data-e-type=\"section\">\n\t\t\t\t\t\t<div class=\"elementor-container elementor-column-gap-default\">\n\t\t\t\t\t<div class=\"elementor-column elementor-col-100 elementor-top-column elementor-element elementor-element-b2e14ee\" data-id=\"b2e14ee\" data-element_type=\"column\" data-e-type=\"column\">\n\t\t\t<div class=\"elementor-widget-wrap elementor-element-populated\">\n\t\t\t\t\t\t<div class=\"elementor-element elementor-element-3357a70 elementor-widget elementor-widget-text-editor\" data-id=\"3357a70\" data-element_type=\"widget\" data-e-type=\"widget\" data-widget_type=\"text-editor.default\">\n\t\t\t\t<div class=\"elementor-widget-container\">\n\t\t\t\t\t\t\t\t\t<p>Ob Teilrenovation eines in die Jahre gekommenen Bades, K\u00fcchenrenovation in einem Hotel inklusive Entsorgung der alten K\u00fccheneinrichtung oder transparentes Komplettangebot f\u00fcr eine Liegenschaft mit vielen Wohneinheiten: ELEGANTI Bauunternehmung AG aus Luzern erledigt Bad- und K\u00fcchenrenovationen auf neuestem Stand aus einer Hand.<br \/><br \/>Unsere Teams bestehen aus erfahrenen Handwerkern mit den verschiedensten Kompetenzen. Vom ersten Gespr\u00e4ch bis zur termingerechten \u00dcbergabe haben Sie nur einen regionalen Ansprechpartner, der Ihnen mit Fachwissen und umfassendem Service zur Seite steht.<\/p>\t\t\t\t\t\t\t\t<\/div>\n\t\t\t\t<\/div>\n\t\t\t\t\t<\/div>\n\t\t<\/div>\n\t\t\t\t\t<\/div>\n\t\t<\/section>\n\t\t\t\t<section class=\"elementor-section elementor-top-section elementor-element elementor-element-40075b74 elementor-section-boxed elementor-section-height-default elementor-section-height-default\" data-id=\"40075b74\" data-element_type=\"section\" data-e-type=\"section\" data-settings=\"{&quot;background_background&quot;:&quot;classic&quot;}\">\n\t\t\t\t\t\t\t<div class=\"elementor-background-overlay\"><\/div>\n\t\t\t\t\t\t\t<div class=\"elementor-container elementor-column-gap-default\">\n\t\t\t\t\t<div class=\"elementor-column elementor-col-100 elementor-top-column elementor-element elementor-element-20d54e73\" data-id=\"20d54e73\" data-element_type=\"column\" data-e-type=\"column\">\n\t\t\t<div class=\"elementor-widget-wrap elementor-element-populated\">\n\t\t\t\t\t\t<div class=\"elementor-element elementor-element-22b3cc90 elementor-widget elementor-widget-heading\" data-id=\"22b3cc90\" data-element_type=\"widget\" data-e-type=\"widget\" data-widget_type=\"heading.default\">\n\t\t\t\t<div class=\"elementor-widget-container\">\n\t\t\t\t\t<h2 class=\"elementor-heading-title elementor-size-default\">Bei ELEGANTI ist Ihr Renovationsprojekt rund um K\u00fcche, Bad und Heizung in den besten H\u00e4nden.<\/h2>\t\t\t\t<\/div>\n\t\t\t\t<\/div>\n\t\t\t\t<div class=\"elementor-element elementor-element-7f8e9dc4 elementor-widget-divider--view-line elementor-widget elementor-widget-divider\" data-id=\"7f8e9dc4\" data-element_type=\"widget\" data-e-type=\"widget\" data-widget_type=\"divider.default\">\n\t\t\t\t<div class=\"elementor-widget-container\">\n\t\t\t\t\t\t\t<div class=\"elementor-divider\">\n\t\t\t<span class=\"elementor-divider-separator\">\n\t\t\t\t\t\t<\/span>\n\t\t<\/div>\n\t\t\t\t\t\t<\/div>\n\t\t\t\t<\/div>\n\t\t\t\t<div class=\"elementor-element elementor-element-62c3dbbb elementor-widget elementor-widget-text-editor\" data-id=\"62c3dbbb\" data-element_type=\"widget\" data-e-type=\"widget\" data-widget_type=\"text-editor.default\">\n\t\t\t\t<div class=\"elementor-widget-container\">\n\t\t\t\t\t\t\t\t\t<p>Wir schaffen neue Lebensr\u00e4ume! Auf der Basis Ihrer W\u00fcnsche und Ideen verwirklichen wir innovative Bad- und K\u00fcchentr\u00e4ume. Ob gross oder klein, hoch oder schr\u00e4g, einzelner Raum oder Modernisierung einer umfangreichen Wohn- und Gewerbeeinheit, ob konventionell, modern oder luxuri\u00f6s: Wir haben die optimale L\u00f6sung f\u00fcr Sie!<br \/><br \/>W\u00e4hrend der Modernisierungsarbeiten haben die ELEGANTI Teams alles im Blick. Unsere Schreiner, Maler, Plattenleger, Elektriker, Gas- und Heizungstechniker f\u00fchren vom R\u00fcckbau und Umbau \u00fcber den Trockenbau bis zur Elektroinstallation alle Massnahmen durch. Dabei arbeiten sie zeitsparend und wirtschaftlich Hand in Hand.<br \/><br \/>Die ELEGANTI Kernkompetenz liegt in der schl\u00fcsselfertigen Bad- und K\u00fcchenrenovierung. Im kosteng\u00fcnstigen Modernisierungspaket sind u. a. folgende Leistungen inbegriffen:<\/p><ul><li>Planung der neuen K\u00fcche \/ des neuen Bades<\/li><li>Demontage und fachgerechte Entsorgung der alten Einrichtung<\/li><li>Wanddurchbr\u00fcche, Grundriss\u00e4nderungen<\/li><li>Maurer- und Schreinerarbeiten<\/li><li>Trockenbau<\/li><li>Installation<\/li><li>Einbau der neuen K\u00fcche nebst Elektroger\u00e4ten\/Sanit\u00e4ranlagen<\/li><li>Plattenlegearbeiten<\/li><li>funktionelle und optische Gestaltung von Decken, B\u00f6den und W\u00e4nden<\/li><li>Bauleitung<\/li><\/ul><p>F\u00fcr weitere Informationen und Details zu den gebotenen Serviceleistungen fragen Sie uns bitte telefonisch oder online an.<\/p>\t\t\t\t\t\t\t\t<\/div>\n\t\t\t\t<\/div>\n\t\t\t\t\t<\/div>\n\t\t<\/div>\n\t\t\t\t\t<\/div>\n\t\t<\/section>\n\t\t\t\t<section class=\"elementor-section elementor-top-section elementor-element elementor-element-bf5e6a4 elementor-section-full_width elementor-section-height-default elementor-section-height-default\" data-id=\"bf5e6a4\" data-element_type=\"section\" data-e-type=\"section\">\n\t\t\t\t\t\t<div class=\"elementor-container elementor-column-gap-no\">\n\t\t\t\t\t<div class=\"elementor-column elementor-col-33 elementor-top-column elementor-element elementor-element-242628e0\" data-id=\"242628e0\" data-element_type=\"column\" data-e-type=\"column\">\n\t\t\t<div class=\"elementor-widget-wrap elementor-element-populated\">\n\t\t\t\t\t\t<div class=\"elementor-element elementor-element-1f1596b4 elementor-widget elementor-widget-image\" data-id=\"1f1596b4\" data-element_type=\"widget\" data-e-type=\"widget\" data-widget_type=\"image.default\">\n\t\t\t\t<div class=\"elementor-widget-container\">\n\t\t\t\t\t\t\t\t\t\t\t\t\t\t\t<img fetchpriority=\"high\" decoding=\"async\" width=\"900\" height=\"601\" src=\"https:\/\/eleganti-bauunternehmung.ch\/wp-content\/uploads\/2021\/06\/eleganti-KUCHEN-U-BADRENOVATION_3.jpg\" class=\"attachment-large size-large wp-image-2412\" alt=\"\" srcset=\"https:\/\/eleganti-bauunternehmung.ch\/wp-content\/uploads\/2021\/06\/eleganti-KUCHEN-U-BADRENOVATION_3.jpg 900w, https:\/\/eleganti-bauunternehmung.ch\/wp-content\/uploads\/2021\/06\/eleganti-KUCHEN-U-BADRENOVATION_3-600x400.jpg 600w, https:\/\/eleganti-bauunternehmung.ch\/wp-content\/uploads\/2021\/06\/eleganti-KUCHEN-U-BADRENOVATION_3-768x513.jpg 768w\" sizes=\"(max-width: 900px) 100vw, 900px\" \/>\t\t\t\t\t\t\t\t\t\t\t\t\t\t\t<\/div>\n\t\t\t\t<\/div>\n\t\t\t\t\t<\/div>\n\t\t<\/div>\n\t\t\t\t<div class=\"elementor-column elementor-col-33 elementor-top-column elementor-element elementor-element-778e2bff\" data-id=\"778e2bff\" data-element_type=\"column\" data-e-type=\"column\">\n\t\t\t<div class=\"elementor-widget-wrap elementor-element-populated\">\n\t\t\t\t\t\t<div class=\"elementor-element elementor-element-75e30d6c elementor-widget elementor-widget-image\" data-id=\"75e30d6c\" data-element_type=\"widget\" data-e-type=\"widget\" data-widget_type=\"image.default\">\n\t\t\t\t<div class=\"elementor-widget-container\">\n\t\t\t\t\t\t\t\t\t\t\t\t\t\t\t<img decoding=\"async\" width=\"900\" height=\"601\" src=\"https:\/\/eleganti-bauunternehmung.ch\/wp-content\/uploads\/2021\/06\/eleganti-KUCHEN-U-BADRENOVATION_2.jpg\" class=\"attachment-large size-large wp-image-2413\" alt=\"\" srcset=\"https:\/\/eleganti-bauunternehmung.ch\/wp-content\/uploads\/2021\/06\/eleganti-KUCHEN-U-BADRENOVATION_2.jpg 900w, https:\/\/eleganti-bauunternehmung.ch\/wp-content\/uploads\/2021\/06\/eleganti-KUCHEN-U-BADRENOVATION_2-600x400.jpg 600w, https:\/\/eleganti-bauunternehmung.ch\/wp-content\/uploads\/2021\/06\/eleganti-KUCHEN-U-BADRENOVATION_2-768x513.jpg 768w\" sizes=\"(max-width: 900px) 100vw, 900px\" \/>\t\t\t\t\t\t\t\t\t\t\t\t\t\t\t<\/div>\n\t\t\t\t<\/div>\n\t\t\t\t\t<\/div>\n\t\t<\/div>\n\t\t\t\t<div class=\"elementor-column elementor-col-33 elementor-top-column elementor-element elementor-element-3ccf7a00\" data-id=\"3ccf7a00\" data-element_type=\"column\" data-e-type=\"column\">\n\t\t\t<div class=\"elementor-widget-wrap elementor-element-populated\">\n\t\t\t\t\t\t<div class=\"elementor-element elementor-element-7323b5cb elementor-widget elementor-widget-image\" data-id=\"7323b5cb\" data-element_type=\"widget\" data-e-type=\"widget\" data-widget_type=\"image.default\">\n\t\t\t\t<div class=\"elementor-widget-container\">\n\t\t\t\t\t\t\t\t\t\t\t\t\t\t\t<img decoding=\"async\" width=\"900\" height=\"601\" src=\"https:\/\/eleganti-bauunternehmung.ch\/wp-content\/uploads\/2021\/06\/eleganti-KUCHEN-U-BADRENOVATION_1.jpg\" class=\"attachment-large size-large wp-image-2414\" alt=\"\" srcset=\"https:\/\/eleganti-bauunternehmung.ch\/wp-content\/uploads\/2021\/06\/eleganti-KUCHEN-U-BADRENOVATION_1.jpg 900w, https:\/\/eleganti-bauunternehmung.ch\/wp-content\/uploads\/2021\/06\/eleganti-KUCHEN-U-BADRENOVATION_1-600x400.jpg 600w, https:\/\/eleganti-bauunternehmung.ch\/wp-content\/uploads\/2021\/06\/eleganti-KUCHEN-U-BADRENOVATION_1-768x513.jpg 768w\" sizes=\"(max-width: 900px) 100vw, 900px\" \/>\t\t\t\t\t\t\t\t\t\t\t\t\t\t\t<\/div>\n\t\t\t\t<\/div>\n\t\t\t\t\t<\/div>\n\t\t<\/div>\n\t\t\t\t\t<\/div>\n\t\t<\/section>\n\t\t\t\t<section class=\"elementor-section elementor-top-section elementor-element elementor-element-429cefca elementor-section-boxed elementor-section-height-default elementor-section-height-default\" data-id=\"429cefca\" data-element_type=\"section\" data-e-type=\"section\" data-settings=\"{&quot;background_background&quot;:&quot;classic&quot;}\">\n\t\t\t\t\t\t\t<div class=\"elementor-background-overlay\"><\/div>\n\t\t\t\t\t\t\t<div class=\"elementor-container elementor-column-gap-default\">\n\t\t\t\t\t<div class=\"elementor-column elementor-col-100 elementor-top-column elementor-element elementor-element-41f27d23\" data-id=\"41f27d23\" data-element_type=\"column\" data-e-type=\"column\">\n\t\t\t<div class=\"elementor-widget-wrap elementor-element-populated\">\n\t\t\t\t\t\t<div class=\"elementor-element elementor-element-167877f6 elementor-widget elementor-widget-heading\" data-id=\"167877f6\" data-element_type=\"widget\" data-e-type=\"widget\" data-widget_type=\"heading.default\">\n\t\t\t\t<div class=\"elementor-widget-container\">\n\t\t\t\t\t<h2 class=\"elementor-heading-title elementor-size-default\">Vertrauen Sie regionalen Profis, die genau wissen, was sie tun!<\/h2>\t\t\t\t<\/div>\n\t\t\t\t<\/div>\n\t\t\t\t<div class=\"elementor-element elementor-element-546b391a elementor-widget-divider--view-line elementor-widget elementor-widget-divider\" data-id=\"546b391a\" data-element_type=\"widget\" data-e-type=\"widget\" data-widget_type=\"divider.default\">\n\t\t\t\t<div class=\"elementor-widget-container\">\n\t\t\t\t\t\t\t<div class=\"elementor-divider\">\n\t\t\t<span class=\"elementor-divider-separator\">\n\t\t\t\t\t\t<\/span>\n\t\t<\/div>\n\t\t\t\t\t\t<\/div>\n\t\t\t\t<\/div>\n\t\t\t\t<div class=\"elementor-element elementor-element-3dcc186f elementor-widget elementor-widget-text-editor\" data-id=\"3dcc186f\" data-element_type=\"widget\" data-e-type=\"widget\" data-widget_type=\"text-editor.default\">\n\t\t\t\t<div class=\"elementor-widget-container\">\n\t\t\t\t\t\t\t\t\t<p>Seit vielen Jahren modernisieren wir f\u00fcr private Kunden, \u00f6ffentliche Institutionen, Gewerbebetriebe, Unternehmen und Genossenschaften K\u00fcchen und B\u00e4der mit h\u00f6chsten Anspr\u00fcchen. Dabei sind wir immer bestrebt, innovative Ideen vorzutragen und alle Kundenw\u00fcnsche zu erf\u00fcllen. Bei ELEGANTI Bauunternehmung AG Luzern profitieren Sie von einem erfahrenen Projektmanagement, welches alle T\u00e4tigkeiten wie Planung, Abriss, Heizung\/Sanit\u00e4r, Decken-, Wand- und Bodenarbeiten koordiniert und steuert. W\u00e4hrend der Renovation auftretende Probleme werden sofort angesprochen. Neue Ideen werden flexibel ins laufende Projekt integriert.<br \/><br \/>\u00dcbrigens: Unsere Profis sitzen an der Quelle und kennen in puncto Bad- und K\u00fcchenmodernisierung alle Neuheiten und Trends!<br \/><br \/>Sie m\u00f6chten vom Know-how und der qualitativen Arbeit eines etablierten regionalen Unternehmens profitieren? Rufen Sie uns an oder nehmen Sie online Kontakt auf. Wir vereinbaren gern einen Termin mit Ihnen!<\/p>\t\t\t\t\t\t\t\t<\/div>\n\t\t\t\t<\/div>\n\t\t\t\t\t<\/div>\n\t\t<\/div>\n\t\t\t\t\t<\/div>\n\t\t<\/section>\n\t\t\t\t<\/div>\n\t\t","protected":false},"excerpt":{"rendered":"<p>K\u00dcCHEN- U. BADRENOVATION Ob Teilrenovation eines in die Jahre gekommenen Bades, K\u00fcchenrenovation in einem Hotel inklusive Entsorgung der alten K\u00fccheneinrichtung oder transparentes Komplettangebot f\u00fcr eine Liegenschaft mit vielen Wohneinheiten: ELEGANTI&#8230;<\/p>\n","protected":false},"author":7,"featured_media":0,"parent":0,"menu_order":4,"comment_status":"closed","ping_status":"closed","template":"elementor_header_footer","meta":{"inline_featured_image":false,"footnotes":""},"class_list":["post-1281","page","type-page","status-publish"],"yoast_head":"<!-- This site is optimized with the Yoast SEO plugin v27.5 - https:\/\/yoast.com\/product\/yoast-seo-wordpress\/ -->\n<title>K\u00dcCHEN- U. BADRENOVATION\u200b - Die Luzerner Bauunternehmung AG<\/title>\n<meta name=\"description\" content=\"K\u00dcCHEN- U. BADRENOVATION\u200b; Ob Teilrenovation eines in die Jahre gekommenen Bades, K\u00fcchenrenovation in einem Hotel inklusive Entsorgung ...\" \/>\n<meta name=\"robots\" content=\"index, follow, max-snippet:-1, max-image-preview:large, max-video-preview:-1\" \/>\n<link rel=\"canonical\" href=\"https:\/\/eleganti-bauunternehmung.ch\/?page_id=1281\" \/>\n<meta property=\"og:locale\" content=\"de_DE\" \/>\n<meta property=\"og:type\" content=\"article\" \/>\n<meta property=\"og:title\" content=\"K\u00dcCHEN- U. BADRENOVATION\u200b - Die Luzerner Bauunternehmung AG\" \/>\n<meta property=\"og:description\" content=\"K\u00dcCHEN- U. BADRENOVATION\u200b; Ob Teilrenovation eines in die Jahre gekommenen Bades, K\u00fcchenrenovation in einem Hotel inklusive Entsorgung ...\" \/>\n<meta property=\"og:url\" content=\"https:\/\/eleganti-bauunternehmung.ch\/?page_id=1281\" \/>\n<meta property=\"og:site_name\" content=\"ELEGANTI Bauunternehmung AG\" \/>\n<meta property=\"article:modified_time\" content=\"2021-08-30T14:43:16+00:00\" \/>\n<meta property=\"og:image\" content=\"https:\/\/eleganti-bauunternehmung.ch\/wp-content\/uploads\/2021\/06\/eleganti-KUCHEN-U-BADRENOVATION_3.jpg\" \/>\n<meta name=\"twitter:card\" content=\"summary_large_image\" \/>\n<meta name=\"twitter:label1\" content=\"Gesch\u00e4tzte Lesezeit\" \/>\n\t<meta name=\"twitter:data1\" content=\"3\u00a0Minuten\" \/>\n<script type=\"application\/ld+json\" class=\"yoast-schema-graph\">{\"@context\":\"https:\\\/\\\/schema.org\",\"@graph\":[{\"@type\":\"WebPage\",\"@id\":\"https:\\\/\\\/eleganti-bauunternehmung.ch\\\/?page_id=1281\",\"url\":\"https:\\\/\\\/eleganti-bauunternehmung.ch\\\/?page_id=1281\",\"name\":\"K\u00dcCHEN- U. BADRENOVATION\u200b - Die Luzerner Bauunternehmung AG\",\"isPartOf\":{\"@id\":\"https:\\\/\\\/eleganti-bauunternehmung.ch\\\/#website\"},\"primaryImageOfPage\":{\"@id\":\"https:\\\/\\\/eleganti-bauunternehmung.ch\\\/?page_id=1281#primaryimage\"},\"image\":{\"@id\":\"https:\\\/\\\/eleganti-bauunternehmung.ch\\\/?page_id=1281#primaryimage\"},\"thumbnailUrl\":\"https:\\\/\\\/eleganti-bauunternehmung.ch\\\/wp-content\\\/uploads\\\/2021\\\/06\\\/eleganti-KUCHEN-U-BADRENOVATION_3.jpg\",\"datePublished\":\"2021-06-11T11:14:48+00:00\",\"dateModified\":\"2021-08-30T14:43:16+00:00\",\"description\":\"K\u00dcCHEN- U. BADRENOVATION\u200b; Ob Teilrenovation eines in die Jahre gekommenen Bades, K\u00fcchenrenovation in einem Hotel inklusive Entsorgung ...\",\"breadcrumb\":{\"@id\":\"https:\\\/\\\/eleganti-bauunternehmung.ch\\\/?page_id=1281#breadcrumb\"},\"inLanguage\":\"de\",\"potentialAction\":[{\"@type\":\"ReadAction\",\"target\":[\"https:\\\/\\\/eleganti-bauunternehmung.ch\\\/?page_id=1281\"]}]},{\"@type\":\"ImageObject\",\"inLanguage\":\"de\",\"@id\":\"https:\\\/\\\/eleganti-bauunternehmung.ch\\\/?page_id=1281#primaryimage\",\"url\":\"https:\\\/\\\/eleganti-bauunternehmung.ch\\\/wp-content\\\/uploads\\\/2021\\\/06\\\/eleganti-KUCHEN-U-BADRENOVATION_3.jpg\",\"contentUrl\":\"https:\\\/\\\/eleganti-bauunternehmung.ch\\\/wp-content\\\/uploads\\\/2021\\\/06\\\/eleganti-KUCHEN-U-BADRENOVATION_3.jpg\",\"width\":900,\"height\":601},{\"@type\":\"BreadcrumbList\",\"@id\":\"https:\\\/\\\/eleganti-bauunternehmung.ch\\\/?page_id=1281#breadcrumb\",\"itemListElement\":[{\"@type\":\"ListItem\",\"position\":1,\"name\":\"Startseite\",\"item\":\"https:\\\/\\\/eleganti-bauunternehmung.ch\\\/\"},{\"@type\":\"ListItem\",\"position\":2,\"name\":\"K\u00dcCHEN- U. BADRENOVATION\"}]},{\"@type\":\"WebSite\",\"@id\":\"https:\\\/\\\/eleganti-bauunternehmung.ch\\\/#website\",\"url\":\"https:\\\/\\\/eleganti-bauunternehmung.ch\\\/\",\"name\":\"ELEGANTI Bauunternehmung AG\",\"description\":\"www.eleganti-bauunternehmung.ch\",\"publisher\":{\"@id\":\"https:\\\/\\\/eleganti-bauunternehmung.ch\\\/#organization\"},\"potentialAction\":[{\"@type\":\"SearchAction\",\"target\":{\"@type\":\"EntryPoint\",\"urlTemplate\":\"https:\\\/\\\/eleganti-bauunternehmung.ch\\\/?s={search_term_string}\"},\"query-input\":{\"@type\":\"PropertyValueSpecification\",\"valueRequired\":true,\"valueName\":\"search_term_string\"}}],\"inLanguage\":\"de\"},{\"@type\":\"Organization\",\"@id\":\"https:\\\/\\\/eleganti-bauunternehmung.ch\\\/#organization\",\"name\":\"Webseite Name\",\"url\":\"https:\\\/\\\/eleganti-bauunternehmung.ch\\\/\",\"logo\":{\"@type\":\"ImageObject\",\"inLanguage\":\"de\",\"@id\":\"https:\\\/\\\/eleganti-bauunternehmung.ch\\\/#\\\/schema\\\/logo\\\/image\\\/\",\"url\":\"\",\"contentUrl\":\"\",\"caption\":\"Webseite Name\"},\"image\":{\"@id\":\"https:\\\/\\\/eleganti-bauunternehmung.ch\\\/#\\\/schema\\\/logo\\\/image\\\/\"}}]}<\/script>\n<!-- \/ Yoast SEO plugin. -->","yoast_head_json":{"title":"K\u00dcCHEN- U. BADRENOVATION\u200b - Die Luzerner Bauunternehmung AG","description":"K\u00dcCHEN- U. BADRENOVATION\u200b; Ob Teilrenovation eines in die Jahre gekommenen Bades, K\u00fcchenrenovation in einem Hotel inklusive Entsorgung ...","robots":{"index":"index","follow":"follow","max-snippet":"max-snippet:-1","max-image-preview":"max-image-preview:large","max-video-preview":"max-video-preview:-1"},"canonical":"https:\/\/eleganti-bauunternehmung.ch\/?page_id=1281","og_locale":"de_DE","og_type":"article","og_title":"K\u00dcCHEN- U. BADRENOVATION\u200b - Die Luzerner Bauunternehmung AG","og_description":"K\u00dcCHEN- U. BADRENOVATION\u200b; Ob Teilrenovation eines in die Jahre gekommenen Bades, K\u00fcchenrenovation in einem Hotel inklusive Entsorgung ...","og_url":"https:\/\/eleganti-bauunternehmung.ch\/?page_id=1281","og_site_name":"ELEGANTI Bauunternehmung AG","article_modified_time":"2021-08-30T14:43:16+00:00","og_image":[{"url":"https:\/\/eleganti-bauunternehmung.ch\/wp-content\/uploads\/2021\/06\/eleganti-KUCHEN-U-BADRENOVATION_3.jpg","type":"","width":"","height":""}],"twitter_card":"summary_large_image","twitter_misc":{"Gesch\u00e4tzte Lesezeit":"3\u00a0Minuten"},"schema":{"@context":"https:\/\/schema.org","@graph":[{"@type":"WebPage","@id":"https:\/\/eleganti-bauunternehmung.ch\/?page_id=1281","url":"https:\/\/eleganti-bauunternehmung.ch\/?page_id=1281","name":"K\u00dcCHEN- U. BADRENOVATION\u200b - Die Luzerner Bauunternehmung AG","isPartOf":{"@id":"https:\/\/eleganti-bauunternehmung.ch\/#website"},"primaryImageOfPage":{"@id":"https:\/\/eleganti-bauunternehmung.ch\/?page_id=1281#primaryimage"},"image":{"@id":"https:\/\/eleganti-bauunternehmung.ch\/?page_id=1281#primaryimage"},"thumbnailUrl":"https:\/\/eleganti-bauunternehmung.ch\/wp-content\/uploads\/2021\/06\/eleganti-KUCHEN-U-BADRENOVATION_3.jpg","datePublished":"2021-06-11T11:14:48+00:00","dateModified":"2021-08-30T14:43:16+00:00","description":"K\u00dcCHEN- U. BADRENOVATION\u200b; Ob Teilrenovation eines in die Jahre gekommenen Bades, K\u00fcchenrenovation in einem Hotel inklusive Entsorgung ...","breadcrumb":{"@id":"https:\/\/eleganti-bauunternehmung.ch\/?page_id=1281#breadcrumb"},"inLanguage":"de","potentialAction":[{"@type":"ReadAction","target":["https:\/\/eleganti-bauunternehmung.ch\/?page_id=1281"]}]},{"@type":"ImageObject","inLanguage":"de","@id":"https:\/\/eleganti-bauunternehmung.ch\/?page_id=1281#primaryimage","url":"https:\/\/eleganti-bauunternehmung.ch\/wp-content\/uploads\/2021\/06\/eleganti-KUCHEN-U-BADRENOVATION_3.jpg","contentUrl":"https:\/\/eleganti-bauunternehmung.ch\/wp-content\/uploads\/2021\/06\/eleganti-KUCHEN-U-BADRENOVATION_3.jpg","width":900,"height":601},{"@type":"BreadcrumbList","@id":"https:\/\/eleganti-bauunternehmung.ch\/?page_id=1281#breadcrumb","itemListElement":[{"@type":"ListItem","position":1,"name":"Startseite","item":"https:\/\/eleganti-bauunternehmung.ch\/"},{"@type":"ListItem","position":2,"name":"K\u00dcCHEN- U. BADRENOVATION"}]},{"@type":"WebSite","@id":"https:\/\/eleganti-bauunternehmung.ch\/#website","url":"https:\/\/eleganti-bauunternehmung.ch\/","name":"ELEGANTI Bauunternehmung AG","description":"www.eleganti-bauunternehmung.ch","publisher":{"@id":"https:\/\/eleganti-bauunternehmung.ch\/#organization"},"potentialAction":[{"@type":"SearchAction","target":{"@type":"EntryPoint","urlTemplate":"https:\/\/eleganti-bauunternehmung.ch\/?s={search_term_string}"},"query-input":{"@type":"PropertyValueSpecification","valueRequired":true,"valueName":"search_term_string"}}],"inLanguage":"de"},{"@type":"Organization","@id":"https:\/\/eleganti-bauunternehmung.ch\/#organization","name":"Webseite Name","url":"https:\/\/eleganti-bauunternehmung.ch\/","logo":{"@type":"ImageObject","inLanguage":"de","@id":"https:\/\/eleganti-bauunternehmung.ch\/#\/schema\/logo\/image\/","url":"","contentUrl":"","caption":"Webseite Name"},"image":{"@id":"https:\/\/eleganti-bauunternehmung.ch\/#\/schema\/logo\/image\/"}}]}},"_links":{"self":[{"href":"https:\/\/eleganti-bauunternehmung.ch\/index.php?rest_route=\/wp\/v2\/pages\/1281","targetHints":{"allow":["GET"]}}],"collection":[{"href":"https:\/\/eleganti-bauunternehmung.ch\/index.php?rest_route=\/wp\/v2\/pages"}],"about":[{"href":"https:\/\/eleganti-bauunternehmung.ch\/index.php?rest_route=\/wp\/v2\/types\/page"}],"author":[{"embeddable":true,"href":"https:\/\/eleganti-bauunternehmung.ch\/index.php?rest_route=\/wp\/v2\/users\/7"}],"replies":[{"embeddable":true,"href":"https:\/\/eleganti-bauunternehmung.ch\/index.php?rest_route=%2Fwp%2Fv2%2Fcomments&post=1281"}],"version-history":[{"count":3,"href":"https:\/\/eleganti-bauunternehmung.ch\/index.php?rest_route=\/wp\/v2\/pages\/1281\/revisions"}],"predecessor-version":[{"id":2961,"href":"https:\/\/eleganti-bauunternehmung.ch\/index.php?rest_route=\/wp\/v2\/pages\/1281\/revisions\/2961"}],"wp:attachment":[{"href":"https:\/\/eleganti-bauunternehmung.ch\/index.php?rest_route=%2Fwp%2Fv2%2Fmedia&parent=1281"}],"curies":[{"name":"wp","href":"https:\/\/api.w.org\/{rel}","templated":true}]}}