{"id":1283,"date":"2021-06-11T13:15:05","date_gmt":"2021-06-11T11:15:05","guid":{"rendered":"https:\/\/eleganti-bauunternehmung.ch\/?page_id=1283"},"modified":"2021-08-30T16:44:37","modified_gmt":"2021-08-30T14:44:37","slug":"raumumnutzung","status":"publish","type":"page","link":"https:\/\/eleganti-bauunternehmung.ch\/?page_id=1283","title":{"rendered":"RAUMUMNUTZUNG"},"content":{"rendered":"\t\t<div data-elementor-type=\"wp-page\" data-elementor-id=\"1283\" class=\"elementor elementor-1283\" data-elementor-post-type=\"page\">\n\t\t\t\t\t\t<section class=\"elementor-section elementor-top-section elementor-element elementor-element-1562068c elementor-section-height-min-height elementor-section-items-bottom elementor-section-boxed elementor-section-height-default\" data-id=\"1562068c\" data-element_type=\"section\" data-e-type=\"section\" data-settings=\"{&quot;background_background&quot;:&quot;classic&quot;}\">\n\t\t\t\t\t\t\t<div class=\"elementor-background-overlay\"><\/div>\n\t\t\t\t\t\t\t<div class=\"elementor-container elementor-column-gap-default\">\n\t\t\t\t\t<div class=\"elementor-column elementor-col-100 elementor-top-column elementor-element elementor-element-2366f1e0\" data-id=\"2366f1e0\" data-element_type=\"column\" data-e-type=\"column\">\n\t\t\t<div class=\"elementor-widget-wrap elementor-element-populated\">\n\t\t\t\t\t\t<div class=\"elementor-element elementor-element-1a98d12b elementor-widget elementor-widget-heading\" data-id=\"1a98d12b\" data-element_type=\"widget\" data-e-type=\"widget\" data-widget_type=\"heading.default\">\n\t\t\t\t<div class=\"elementor-widget-container\">\n\t\t\t\t\t<h2 class=\"elementor-heading-title elementor-size-default\">RAUMUMNUTZUNG<\/h2>\t\t\t\t<\/div>\n\t\t\t\t<\/div>\n\t\t\t\t\t<\/div>\n\t\t<\/div>\n\t\t\t\t\t<\/div>\n\t\t<\/section>\n\t\t\t\t<section class=\"elementor-section elementor-top-section elementor-element elementor-element-744ed899 elementor-section-boxed elementor-section-height-default elementor-section-height-default\" data-id=\"744ed899\" data-element_type=\"section\" data-e-type=\"section\">\n\t\t\t\t\t\t<div class=\"elementor-container elementor-column-gap-default\">\n\t\t\t\t\t<div class=\"elementor-column elementor-col-100 elementor-top-column elementor-element elementor-element-408bda8b\" data-id=\"408bda8b\" data-element_type=\"column\" data-e-type=\"column\">\n\t\t\t<div class=\"elementor-widget-wrap elementor-element-populated\">\n\t\t\t\t\t\t<div class=\"elementor-element elementor-element-3ce6db0b elementor-widget elementor-widget-text-editor\" data-id=\"3ce6db0b\" data-element_type=\"widget\" data-e-type=\"widget\" data-widget_type=\"text-editor.default\">\n\t\t\t\t<div class=\"elementor-widget-container\">\n\t\t\t\t\t\t\t\t\t<p>Von der Idee zum fertigen Projekt: Optimale Raumgestaltung und Raumnutzung ist die kosteng\u00fcnstigste und ressourcenschonendste Art, den Gebrauchswert einer Immobilie zu steigern. Und da jedes Bauvorhaben anders ist, tun wir alles daf\u00fcr, unsere Kunden von A bis Z gut zu beraten.<br \/><br \/>Ob nutzungsoptimierter Umbau, Implementierung von Wandschr\u00e4nken, Aufstockung oder Ausbau bislang ungenutzter Fl\u00e4chen: Die Experten der ELEGANTI Bauunternehmung AG verwirklichen Ihr individuelles Raumnutzungskonzept!<\/p>\t\t\t\t\t\t\t\t<\/div>\n\t\t\t\t<\/div>\n\t\t\t\t\t<\/div>\n\t\t<\/div>\n\t\t\t\t\t<\/div>\n\t\t<\/section>\n\t\t\t\t<section class=\"elementor-section elementor-top-section elementor-element elementor-element-36a2ab52 elementor-section-boxed elementor-section-height-default elementor-section-height-default\" data-id=\"36a2ab52\" data-element_type=\"section\" data-e-type=\"section\" data-settings=\"{&quot;background_background&quot;:&quot;classic&quot;}\">\n\t\t\t\t\t\t\t<div class=\"elementor-background-overlay\"><\/div>\n\t\t\t\t\t\t\t<div class=\"elementor-container elementor-column-gap-default\">\n\t\t\t\t\t<div class=\"elementor-column elementor-col-100 elementor-top-column elementor-element elementor-element-5c6ac3d\" data-id=\"5c6ac3d\" data-element_type=\"column\" data-e-type=\"column\">\n\t\t\t<div class=\"elementor-widget-wrap elementor-element-populated\">\n\t\t\t\t\t\t<div class=\"elementor-element elementor-element-5f8e15f2 elementor-widget elementor-widget-heading\" data-id=\"5f8e15f2\" data-element_type=\"widget\" data-e-type=\"widget\" data-widget_type=\"heading.default\">\n\t\t\t\t<div class=\"elementor-widget-container\">\n\t\t\t\t\t<h2 class=\"elementor-heading-title elementor-size-default\">Beratung, Planung und Ausf\u00fchrung aus Meisterhand<\/h2>\t\t\t\t<\/div>\n\t\t\t\t<\/div>\n\t\t\t\t<div class=\"elementor-element elementor-element-16d2441e elementor-widget-divider--view-line elementor-widget elementor-widget-divider\" data-id=\"16d2441e\" data-element_type=\"widget\" data-e-type=\"widget\" data-widget_type=\"divider.default\">\n\t\t\t\t<div class=\"elementor-widget-container\">\n\t\t\t\t\t\t\t<div class=\"elementor-divider\">\n\t\t\t<span class=\"elementor-divider-separator\">\n\t\t\t\t\t\t<\/span>\n\t\t<\/div>\n\t\t\t\t\t\t<\/div>\n\t\t\t\t<\/div>\n\t\t\t\t<div class=\"elementor-element elementor-element-3b06acb elementor-widget elementor-widget-text-editor\" data-id=\"3b06acb\" data-element_type=\"widget\" data-e-type=\"widget\" data-widget_type=\"text-editor.default\">\n\t\t\t\t<div class=\"elementor-widget-container\">\n\t\t\t\t\t\t\t\t\t<p>Die Komplettsanierung, ein Umbau oder ein Ausbau erfordern einen hohen Planungsaufwand. Zun\u00e4chst muss ein Konzept erstellt werden. Danach erfolgt das Takten s\u00e4mtlicher Baumassnahmen, in die je nach Umfang zahlreiche Gewerke wie Maurer, Trockenbauer, Plattenleger, Elektriker, Heizungsinstallateure, Sanit\u00e4r, Dachdecker, Tischler usw. eingebunden sind. Wir haben die Erfahrung und das Know-how, alle Teilprozesse zu koordinieren und dabei die Qualit\u00e4t s\u00e4mtlicher Arbeiten im Auge zu behalten. Sie haben w\u00e4hrend der gesamten Projektabwicklung nur einen Ansprechpartner, der alle Prozesse plant, steuert, ausf\u00fchrt und \u00fcberwacht.<\/p>\t\t\t\t\t\t\t\t<\/div>\n\t\t\t\t<\/div>\n\t\t\t\t<div class=\"elementor-element elementor-element-5233f30c elementor-widget elementor-widget-heading\" data-id=\"5233f30c\" data-element_type=\"widget\" data-e-type=\"widget\" data-widget_type=\"heading.default\">\n\t\t\t\t<div class=\"elementor-widget-container\">\n\t\t\t\t\t<h2 class=\"elementor-heading-title elementor-size-default\">Mehr Wohn- und Arbeitsraum durch professionellen Ausbau und Umbau<\/h2>\t\t\t\t<\/div>\n\t\t\t\t<\/div>\n\t\t\t\t<div class=\"elementor-element elementor-element-121fdfbb elementor-widget-divider--view-line elementor-widget elementor-widget-divider\" data-id=\"121fdfbb\" data-element_type=\"widget\" data-e-type=\"widget\" data-widget_type=\"divider.default\">\n\t\t\t\t<div class=\"elementor-widget-container\">\n\t\t\t\t\t\t\t<div class=\"elementor-divider\">\n\t\t\t<span class=\"elementor-divider-separator\">\n\t\t\t\t\t\t<\/span>\n\t\t<\/div>\n\t\t\t\t\t\t<\/div>\n\t\t\t\t<\/div>\n\t\t\t\t<div class=\"elementor-element elementor-element-71b3d622 elementor-widget elementor-widget-text-editor\" data-id=\"71b3d622\" data-element_type=\"widget\" data-e-type=\"widget\" data-widget_type=\"text-editor.default\">\n\t\t\t\t<div class=\"elementor-widget-container\">\n\t\t\t\t\t\t\t\t\t<p>Ob ausgebautes Dachgeschoss, Erweiterung, Aufstockung oder Entkernung mit anschliessender Neuaufteilung der vorhandenen Nutzfl\u00e4che: Bei Bestandsbauten er\u00f6ffnet ein neues Raumkonzept eine Vielzahl von M\u00f6glichkeiten. Nutzerorientierte Raumgestaltung, viel Tageslicht, nachhaltige D\u00e4mmung, Schallschutz und raumstrukturierende Konstruktionen bergen jede Menge Potenzial, um individuelle Wohn- und Arbeitsr\u00e4ume zu verwirklichen.<br \/><br \/>Je nach vorhandener technischer Ausstattung k\u00f6nnen bisherige Gas-, Wasser-, Elektro- und W\u00e4rmeinstallationen weiter genutzt oder gegen eine moderne, energiesparende Technik ausgetauscht werden.<br \/><br \/>Unsere Experten setzen Ihre Vorstellungen um! Mit der ELEGANTI Bauunternehmung AG geniessen Sie einen qualitativen Komfort, den Ihnen nur ein regionales Fachhandwerksunternehmen bieten kann.<\/p>\t\t\t\t\t\t\t\t<\/div>\n\t\t\t\t<\/div>\n\t\t\t\t\t<\/div>\n\t\t<\/div>\n\t\t\t\t\t<\/div>\n\t\t<\/section>\n\t\t\t\t<section class=\"elementor-section elementor-top-section elementor-element elementor-element-52d3bb48 elementor-section-full_width elementor-section-height-default elementor-section-height-default\" data-id=\"52d3bb48\" data-element_type=\"section\" data-e-type=\"section\">\n\t\t\t\t\t\t<div class=\"elementor-container elementor-column-gap-no\">\n\t\t\t\t\t<div class=\"elementor-column elementor-col-33 elementor-top-column elementor-element elementor-element-be29eda\" data-id=\"be29eda\" data-element_type=\"column\" data-e-type=\"column\">\n\t\t\t<div class=\"elementor-widget-wrap elementor-element-populated\">\n\t\t\t\t\t\t<div class=\"elementor-element elementor-element-4f2ee42e elementor-widget elementor-widget-image\" data-id=\"4f2ee42e\" data-element_type=\"widget\" data-e-type=\"widget\" data-widget_type=\"image.default\">\n\t\t\t\t<div class=\"elementor-widget-container\">\n\t\t\t\t\t\t\t\t\t\t\t\t\t\t\t<img fetchpriority=\"high\" decoding=\"async\" width=\"900\" height=\"601\" src=\"https:\/\/eleganti-bauunternehmung.ch\/wp-content\/uploads\/2021\/06\/eleganti-RAUMUMNUTZUNG\u200b_3.jpg\" class=\"attachment-large size-large wp-image-2419\" alt=\"\" srcset=\"https:\/\/eleganti-bauunternehmung.ch\/wp-content\/uploads\/2021\/06\/eleganti-RAUMUMNUTZUNG\u200b_3.jpg 900w, https:\/\/eleganti-bauunternehmung.ch\/wp-content\/uploads\/2021\/06\/eleganti-RAUMUMNUTZUNG\u200b_3-600x400.jpg 600w, https:\/\/eleganti-bauunternehmung.ch\/wp-content\/uploads\/2021\/06\/eleganti-RAUMUMNUTZUNG\u200b_3-768x513.jpg 768w\" sizes=\"(max-width: 900px) 100vw, 900px\" \/>\t\t\t\t\t\t\t\t\t\t\t\t\t\t\t<\/div>\n\t\t\t\t<\/div>\n\t\t\t\t\t<\/div>\n\t\t<\/div>\n\t\t\t\t<div class=\"elementor-column elementor-col-33 elementor-top-column elementor-element elementor-element-9929333\" data-id=\"9929333\" data-element_type=\"column\" data-e-type=\"column\">\n\t\t\t<div class=\"elementor-widget-wrap elementor-element-populated\">\n\t\t\t\t\t\t<div class=\"elementor-element elementor-element-59f1a67f elementor-widget elementor-widget-image\" data-id=\"59f1a67f\" data-element_type=\"widget\" data-e-type=\"widget\" data-widget_type=\"image.default\">\n\t\t\t\t<div class=\"elementor-widget-container\">\n\t\t\t\t\t\t\t\t\t\t\t\t\t\t\t<img decoding=\"async\" width=\"900\" height=\"601\" src=\"https:\/\/eleganti-bauunternehmung.ch\/wp-content\/uploads\/2021\/06\/eleganti-RAUMUMNUTZUNG\u200b_2.jpg\" class=\"attachment-large size-large wp-image-2420\" alt=\"\" srcset=\"https:\/\/eleganti-bauunternehmung.ch\/wp-content\/uploads\/2021\/06\/eleganti-RAUMUMNUTZUNG\u200b_2.jpg 900w, https:\/\/eleganti-bauunternehmung.ch\/wp-content\/uploads\/2021\/06\/eleganti-RAUMUMNUTZUNG\u200b_2-600x400.jpg 600w, https:\/\/eleganti-bauunternehmung.ch\/wp-content\/uploads\/2021\/06\/eleganti-RAUMUMNUTZUNG\u200b_2-768x513.jpg 768w\" sizes=\"(max-width: 900px) 100vw, 900px\" \/>\t\t\t\t\t\t\t\t\t\t\t\t\t\t\t<\/div>\n\t\t\t\t<\/div>\n\t\t\t\t\t<\/div>\n\t\t<\/div>\n\t\t\t\t<div class=\"elementor-column elementor-col-33 elementor-top-column elementor-element elementor-element-326a5136\" data-id=\"326a5136\" data-element_type=\"column\" data-e-type=\"column\">\n\t\t\t<div class=\"elementor-widget-wrap elementor-element-populated\">\n\t\t\t\t\t\t<div class=\"elementor-element elementor-element-53ebabdb elementor-widget elementor-widget-image\" data-id=\"53ebabdb\" data-element_type=\"widget\" data-e-type=\"widget\" data-widget_type=\"image.default\">\n\t\t\t\t<div class=\"elementor-widget-container\">\n\t\t\t\t\t\t\t\t\t\t\t\t\t\t\t<img decoding=\"async\" width=\"900\" height=\"601\" src=\"https:\/\/eleganti-bauunternehmung.ch\/wp-content\/uploads\/2021\/06\/eleganti-RAUMUMNUTZUNG\u200b_1.jpg\" class=\"attachment-large size-large wp-image-2421\" alt=\"\" srcset=\"https:\/\/eleganti-bauunternehmung.ch\/wp-content\/uploads\/2021\/06\/eleganti-RAUMUMNUTZUNG\u200b_1.jpg 900w, https:\/\/eleganti-bauunternehmung.ch\/wp-content\/uploads\/2021\/06\/eleganti-RAUMUMNUTZUNG\u200b_1-600x400.jpg 600w, https:\/\/eleganti-bauunternehmung.ch\/wp-content\/uploads\/2021\/06\/eleganti-RAUMUMNUTZUNG\u200b_1-768x513.jpg 768w\" sizes=\"(max-width: 900px) 100vw, 900px\" \/>\t\t\t\t\t\t\t\t\t\t\t\t\t\t\t<\/div>\n\t\t\t\t<\/div>\n\t\t\t\t\t<\/div>\n\t\t<\/div>\n\t\t\t\t\t<\/div>\n\t\t<\/section>\n\t\t\t\t<section class=\"elementor-section elementor-top-section elementor-element elementor-element-3cb2bad4 elementor-section-boxed elementor-section-height-default elementor-section-height-default\" data-id=\"3cb2bad4\" data-element_type=\"section\" data-e-type=\"section\" data-settings=\"{&quot;background_background&quot;:&quot;classic&quot;}\">\n\t\t\t\t\t\t\t<div class=\"elementor-background-overlay\"><\/div>\n\t\t\t\t\t\t\t<div class=\"elementor-container elementor-column-gap-default\">\n\t\t\t\t\t<div class=\"elementor-column elementor-col-100 elementor-top-column elementor-element elementor-element-7c3326aa\" data-id=\"7c3326aa\" data-element_type=\"column\" data-e-type=\"column\">\n\t\t\t<div class=\"elementor-widget-wrap elementor-element-populated\">\n\t\t\t\t\t\t<div class=\"elementor-element elementor-element-2791fdef elementor-widget elementor-widget-heading\" data-id=\"2791fdef\" data-element_type=\"widget\" data-e-type=\"widget\" data-widget_type=\"heading.default\">\n\t\t\t\t<div class=\"elementor-widget-container\">\n\t\t\t\t\t<h2 class=\"elementor-heading-title elementor-size-default\">Rascher Umbau von Gesch\u00e4ftsfl\u00e4chen in Luzern und Umgebung<\/h2>\t\t\t\t<\/div>\n\t\t\t\t<\/div>\n\t\t\t\t<div class=\"elementor-element elementor-element-77e1ebc6 elementor-widget-divider--view-line elementor-widget elementor-widget-divider\" data-id=\"77e1ebc6\" data-element_type=\"widget\" data-e-type=\"widget\" data-widget_type=\"divider.default\">\n\t\t\t\t<div class=\"elementor-widget-container\">\n\t\t\t\t\t\t\t<div class=\"elementor-divider\">\n\t\t\t<span class=\"elementor-divider-separator\">\n\t\t\t\t\t\t<\/span>\n\t\t<\/div>\n\t\t\t\t\t\t<\/div>\n\t\t\t\t<\/div>\n\t\t\t\t<div class=\"elementor-element elementor-element-4e2c383 elementor-widget elementor-widget-text-editor\" data-id=\"4e2c383\" data-element_type=\"widget\" data-e-type=\"widget\" data-widget_type=\"text-editor.default\">\n\t\t\t\t<div class=\"elementor-widget-container\">\n\t\t\t\t\t\t\t\t\t<p>Jedes Unternehmen ist einzigartig und stellt individuelle Anforderungen an die Geb\u00e4udegestaltung nebst Raumnutzung. Die ELEGANTI Bauunternehmung AG baut, erweitert und saniert Ihre Gewerbeimmobilie zukunftsgerichtet nach Ihren Erfordernissen. Uns ist klar, dass bei Sanierungs- und Umbauarbeiten von Gesch\u00e4ften, Praxen, Kanzleien und Gewerbeeinheiten wertvolle \u00d6ffnungszeiten verloren gehen. Darum arbeiten unsere Handwerkerteams schnell, \u00fcberlegt und effizient. Den Grundstein bilden die Planungsarbeiten im Vorfeld, bei denen wir Ihre W\u00fcnsche zur Raumgestaltung ber\u00fccksichtigen. Darauf fusst die reibungslose Umsetzung, damit Ihre R\u00e4umlichkeiten schnellstm\u00f6glich wieder zur Nutzung bereitstehen.<br \/><br \/>Wir \u00fcbernehmen die Raumgestaltung in Neubauten, Altbauten und auch bei historischer Bausubstanz. F\u00fcr eine individuelle und unverbindliche Beratung steht Ihnen jederzeit ein erfahrener Ansprechpartner zur Verf\u00fcgung.<br \/><br \/>Nehmen Sie jetzt telefonisch oder online Kontakt auf! Wir freuen uns auf Ihr Projekt.<\/p>\t\t\t\t\t\t\t\t<\/div>\n\t\t\t\t<\/div>\n\t\t\t\t\t<\/div>\n\t\t<\/div>\n\t\t\t\t\t<\/div>\n\t\t<\/section>\n\t\t\t\t<\/div>\n\t\t","protected":false},"excerpt":{"rendered":"<p>RAUMUMNUTZUNG Von der Idee zum fertigen Projekt: Optimale Raumgestaltung und Raumnutzung ist die kosteng\u00fcnstigste und ressourcenschonendste Art, den Gebrauchswert einer Immobilie zu steigern. Und da jedes Bauvorhaben anders ist, tun&#8230;<\/p>\n","protected":false},"author":7,"featured_media":0,"parent":0,"menu_order":4,"comment_status":"closed","ping_status":"closed","template":"elementor_header_footer","meta":{"inline_featured_image":false,"footnotes":""},"class_list":["post-1283","page","type-page","status-publish"],"yoast_head":"<!-- This site is optimized with the Yoast SEO plugin v27.5 - https:\/\/yoast.com\/product\/yoast-seo-wordpress\/ -->\n<title>RAUMUMNUTZUNG - Die Luzerner Bauunternehmung AG<\/title>\n<meta name=\"description\" content=\"RAUMUMNUTZUNG; Ob Teilrenovation eines in die Jahre gekommenen Bades, K\u00fcchenrenovation in einem Hotel inklusive Entsorgung der alten ...\" \/>\n<meta name=\"robots\" content=\"index, follow, max-snippet:-1, max-image-preview:large, max-video-preview:-1\" \/>\n<link rel=\"canonical\" href=\"https:\/\/eleganti-bauunternehmung.ch\/?page_id=1283\" \/>\n<meta property=\"og:locale\" content=\"de_DE\" \/>\n<meta property=\"og:type\" content=\"article\" \/>\n<meta property=\"og:title\" content=\"RAUMUMNUTZUNG - Die Luzerner Bauunternehmung AG\" \/>\n<meta property=\"og:description\" content=\"RAUMUMNUTZUNG; Ob Teilrenovation eines in die Jahre gekommenen Bades, K\u00fcchenrenovation in einem Hotel inklusive Entsorgung der alten ...\" \/>\n<meta property=\"og:url\" content=\"https:\/\/eleganti-bauunternehmung.ch\/?page_id=1283\" \/>\n<meta property=\"og:site_name\" content=\"ELEGANTI Bauunternehmung AG\" \/>\n<meta property=\"article:modified_time\" content=\"2021-08-30T14:44:37+00:00\" \/>\n<meta name=\"twitter:card\" content=\"summary_large_image\" \/>\n<meta name=\"twitter:label1\" content=\"Gesch\u00e4tzte Lesezeit\" \/>\n\t<meta name=\"twitter:data1\" content=\"3\u00a0Minuten\" \/>\n<script type=\"application\/ld+json\" class=\"yoast-schema-graph\">{\"@context\":\"https:\\\/\\\/schema.org\",\"@graph\":[{\"@type\":\"WebPage\",\"@id\":\"https:\\\/\\\/eleganti-bauunternehmung.ch\\\/?page_id=1283\",\"url\":\"https:\\\/\\\/eleganti-bauunternehmung.ch\\\/?page_id=1283\",\"name\":\"RAUMUMNUTZUNG - Die Luzerner Bauunternehmung AG\",\"isPartOf\":{\"@id\":\"https:\\\/\\\/eleganti-bauunternehmung.ch\\\/#website\"},\"datePublished\":\"2021-06-11T11:15:05+00:00\",\"dateModified\":\"2021-08-30T14:44:37+00:00\",\"description\":\"RAUMUMNUTZUNG; Ob Teilrenovation eines in die Jahre gekommenen Bades, K\u00fcchenrenovation in einem Hotel inklusive Entsorgung der alten ...\",\"breadcrumb\":{\"@id\":\"https:\\\/\\\/eleganti-bauunternehmung.ch\\\/?page_id=1283#breadcrumb\"},\"inLanguage\":\"de\",\"potentialAction\":[{\"@type\":\"ReadAction\",\"target\":[\"https:\\\/\\\/eleganti-bauunternehmung.ch\\\/?page_id=1283\"]}]},{\"@type\":\"BreadcrumbList\",\"@id\":\"https:\\\/\\\/eleganti-bauunternehmung.ch\\\/?page_id=1283#breadcrumb\",\"itemListElement\":[{\"@type\":\"ListItem\",\"position\":1,\"name\":\"Startseite\",\"item\":\"https:\\\/\\\/eleganti-bauunternehmung.ch\\\/\"},{\"@type\":\"ListItem\",\"position\":2,\"name\":\"RAUMUMNUTZUNG\"}]},{\"@type\":\"WebSite\",\"@id\":\"https:\\\/\\\/eleganti-bauunternehmung.ch\\\/#website\",\"url\":\"https:\\\/\\\/eleganti-bauunternehmung.ch\\\/\",\"name\":\"ELEGANTI Bauunternehmung AG\",\"description\":\"www.eleganti-bauunternehmung.ch\",\"publisher\":{\"@id\":\"https:\\\/\\\/eleganti-bauunternehmung.ch\\\/#organization\"},\"potentialAction\":[{\"@type\":\"SearchAction\",\"target\":{\"@type\":\"EntryPoint\",\"urlTemplate\":\"https:\\\/\\\/eleganti-bauunternehmung.ch\\\/?s={search_term_string}\"},\"query-input\":{\"@type\":\"PropertyValueSpecification\",\"valueRequired\":true,\"valueName\":\"search_term_string\"}}],\"inLanguage\":\"de\"},{\"@type\":\"Organization\",\"@id\":\"https:\\\/\\\/eleganti-bauunternehmung.ch\\\/#organization\",\"name\":\"Webseite Name\",\"url\":\"https:\\\/\\\/eleganti-bauunternehmung.ch\\\/\",\"logo\":{\"@type\":\"ImageObject\",\"inLanguage\":\"de\",\"@id\":\"https:\\\/\\\/eleganti-bauunternehmung.ch\\\/#\\\/schema\\\/logo\\\/image\\\/\",\"url\":\"\",\"contentUrl\":\"\",\"caption\":\"Webseite Name\"},\"image\":{\"@id\":\"https:\\\/\\\/eleganti-bauunternehmung.ch\\\/#\\\/schema\\\/logo\\\/image\\\/\"}}]}<\/script>\n<!-- \/ Yoast SEO plugin. -->","yoast_head_json":{"title":"RAUMUMNUTZUNG - Die Luzerner Bauunternehmung AG","description":"RAUMUMNUTZUNG; Ob Teilrenovation eines in die Jahre gekommenen Bades, K\u00fcchenrenovation in einem Hotel inklusive Entsorgung der alten ...","robots":{"index":"index","follow":"follow","max-snippet":"max-snippet:-1","max-image-preview":"max-image-preview:large","max-video-preview":"max-video-preview:-1"},"canonical":"https:\/\/eleganti-bauunternehmung.ch\/?page_id=1283","og_locale":"de_DE","og_type":"article","og_title":"RAUMUMNUTZUNG - Die Luzerner Bauunternehmung AG","og_description":"RAUMUMNUTZUNG; Ob Teilrenovation eines in die Jahre gekommenen Bades, K\u00fcchenrenovation in einem Hotel inklusive Entsorgung der alten ...","og_url":"https:\/\/eleganti-bauunternehmung.ch\/?page_id=1283","og_site_name":"ELEGANTI Bauunternehmung AG","article_modified_time":"2021-08-30T14:44:37+00:00","twitter_card":"summary_large_image","twitter_misc":{"Gesch\u00e4tzte Lesezeit":"3\u00a0Minuten"},"schema":{"@context":"https:\/\/schema.org","@graph":[{"@type":"WebPage","@id":"https:\/\/eleganti-bauunternehmung.ch\/?page_id=1283","url":"https:\/\/eleganti-bauunternehmung.ch\/?page_id=1283","name":"RAUMUMNUTZUNG - Die Luzerner Bauunternehmung AG","isPartOf":{"@id":"https:\/\/eleganti-bauunternehmung.ch\/#website"},"datePublished":"2021-06-11T11:15:05+00:00","dateModified":"2021-08-30T14:44:37+00:00","description":"RAUMUMNUTZUNG; Ob Teilrenovation eines in die Jahre gekommenen Bades, K\u00fcchenrenovation in einem Hotel inklusive Entsorgung der alten ...","breadcrumb":{"@id":"https:\/\/eleganti-bauunternehmung.ch\/?page_id=1283#breadcrumb"},"inLanguage":"de","potentialAction":[{"@type":"ReadAction","target":["https:\/\/eleganti-bauunternehmung.ch\/?page_id=1283"]}]},{"@type":"BreadcrumbList","@id":"https:\/\/eleganti-bauunternehmung.ch\/?page_id=1283#breadcrumb","itemListElement":[{"@type":"ListItem","position":1,"name":"Startseite","item":"https:\/\/eleganti-bauunternehmung.ch\/"},{"@type":"ListItem","position":2,"name":"RAUMUMNUTZUNG"}]},{"@type":"WebSite","@id":"https:\/\/eleganti-bauunternehmung.ch\/#website","url":"https:\/\/eleganti-bauunternehmung.ch\/","name":"ELEGANTI Bauunternehmung AG","description":"www.eleganti-bauunternehmung.ch","publisher":{"@id":"https:\/\/eleganti-bauunternehmung.ch\/#organization"},"potentialAction":[{"@type":"SearchAction","target":{"@type":"EntryPoint","urlTemplate":"https:\/\/eleganti-bauunternehmung.ch\/?s={search_term_string}"},"query-input":{"@type":"PropertyValueSpecification","valueRequired":true,"valueName":"search_term_string"}}],"inLanguage":"de"},{"@type":"Organization","@id":"https:\/\/eleganti-bauunternehmung.ch\/#organization","name":"Webseite Name","url":"https:\/\/eleganti-bauunternehmung.ch\/","logo":{"@type":"ImageObject","inLanguage":"de","@id":"https:\/\/eleganti-bauunternehmung.ch\/#\/schema\/logo\/image\/","url":"","contentUrl":"","caption":"Webseite Name"},"image":{"@id":"https:\/\/eleganti-bauunternehmung.ch\/#\/schema\/logo\/image\/"}}]}},"_links":{"self":[{"href":"https:\/\/eleganti-bauunternehmung.ch\/index.php?rest_route=\/wp\/v2\/pages\/1283","targetHints":{"allow":["GET"]}}],"collection":[{"href":"https:\/\/eleganti-bauunternehmung.ch\/index.php?rest_route=\/wp\/v2\/pages"}],"about":[{"href":"https:\/\/eleganti-bauunternehmung.ch\/index.php?rest_route=\/wp\/v2\/types\/page"}],"author":[{"embeddable":true,"href":"https:\/\/eleganti-bauunternehmung.ch\/index.php?rest_route=\/wp\/v2\/users\/7"}],"replies":[{"embeddable":true,"href":"https:\/\/eleganti-bauunternehmung.ch\/index.php?rest_route=%2Fwp%2Fv2%2Fcomments&post=1283"}],"version-history":[{"count":3,"href":"https:\/\/eleganti-bauunternehmung.ch\/index.php?rest_route=\/wp\/v2\/pages\/1283\/revisions"}],"predecessor-version":[{"id":2964,"href":"https:\/\/eleganti-bauunternehmung.ch\/index.php?rest_route=\/wp\/v2\/pages\/1283\/revisions\/2964"}],"wp:attachment":[{"href":"https:\/\/eleganti-bauunternehmung.ch\/index.php?rest_route=%2Fwp%2Fv2%2Fmedia&parent=1283"}],"curies":[{"name":"wp","href":"https:\/\/api.w.org\/{rel}","templated":true}]}}