{"id":1325,"date":"2021-06-11T13:50:40","date_gmt":"2021-06-11T11:50:40","guid":{"rendered":"https:\/\/eleganti-bauunternehmung.ch\/?page_id=1325"},"modified":"2021-09-02T09:26:04","modified_gmt":"2021-09-02T07:26:04","slug":"natursteinmauern","status":"publish","type":"page","link":"https:\/\/eleganti-bauunternehmung.ch\/?page_id=1325","title":{"rendered":"NATURSTEINMAUERN"},"content":{"rendered":"\t\t<div data-elementor-type=\"wp-page\" data-elementor-id=\"1325\" class=\"elementor elementor-1325\" data-elementor-post-type=\"page\">\n\t\t\t\t\t\t<section class=\"elementor-section elementor-top-section elementor-element elementor-element-50a42568 elementor-section-height-min-height elementor-section-items-bottom elementor-section-boxed elementor-section-height-default\" data-id=\"50a42568\" data-element_type=\"section\" data-e-type=\"section\" data-settings=\"{&quot;background_background&quot;:&quot;classic&quot;}\">\n\t\t\t\t\t\t\t<div class=\"elementor-background-overlay\"><\/div>\n\t\t\t\t\t\t\t<div class=\"elementor-container elementor-column-gap-default\">\n\t\t\t\t\t<div class=\"elementor-column elementor-col-100 elementor-top-column elementor-element elementor-element-61f2745c\" data-id=\"61f2745c\" data-element_type=\"column\" data-e-type=\"column\">\n\t\t\t<div class=\"elementor-widget-wrap elementor-element-populated\">\n\t\t\t\t\t\t<div class=\"elementor-element elementor-element-16db8bd2 elementor-widget elementor-widget-heading\" data-id=\"16db8bd2\" data-element_type=\"widget\" data-e-type=\"widget\" data-widget_type=\"heading.default\">\n\t\t\t\t<div class=\"elementor-widget-container\">\n\t\t\t\t\t<h2 class=\"elementor-heading-title elementor-size-default\">NATURSTEINMAUERN<\/h2>\t\t\t\t<\/div>\n\t\t\t\t<\/div>\n\t\t\t\t\t<\/div>\n\t\t<\/div>\n\t\t\t\t\t<\/div>\n\t\t<\/section>\n\t\t\t\t<section class=\"elementor-section elementor-top-section elementor-element elementor-element-687a2da3 elementor-section-boxed elementor-section-height-default elementor-section-height-default\" data-id=\"687a2da3\" data-element_type=\"section\" data-e-type=\"section\">\n\t\t\t\t\t\t<div class=\"elementor-container elementor-column-gap-default\">\n\t\t\t\t\t<div class=\"elementor-column elementor-col-100 elementor-top-column elementor-element elementor-element-2a5599b\" data-id=\"2a5599b\" data-element_type=\"column\" data-e-type=\"column\">\n\t\t\t<div class=\"elementor-widget-wrap elementor-element-populated\">\n\t\t\t\t\t\t<div class=\"elementor-element elementor-element-71183457 elementor-widget elementor-widget-text-editor\" data-id=\"71183457\" data-element_type=\"widget\" data-e-type=\"widget\" data-widget_type=\"text-editor.default\">\n\t\t\t\t<div class=\"elementor-widget-container\">\n\t\t\t\t\t\t\t\t\t<p>Zu den Aufgabenfeldern der ELEGANTI Bauunternehmung AG Luzern z\u00e4hlen der Neubau von Grundst\u00fccksmauern und Einfriedungen aus Natursteinen sowie deren Rekonstruktion und Sanierung. Dabei sind wir stets bestrebt, Natursteine aus regionalen Steinbr\u00fcchen zu verbauen.<br \/><br \/>Ein wichtiger Anreiz zur fachgerechten Sanierung historischer Natursteinmauern sind F\u00f6rdermittel vom Bund, den Kantonen und Gemeinden. Bei der Antragstellung auf regional verf\u00fcgbare Finanzhilfen unterst\u00fctzen wir Sie gern.<\/p>\t\t\t\t\t\t\t\t<\/div>\n\t\t\t\t<\/div>\n\t\t\t\t\t<\/div>\n\t\t<\/div>\n\t\t\t\t\t<\/div>\n\t\t<\/section>\n\t\t\t\t<section class=\"elementor-section elementor-top-section elementor-element elementor-element-602afaec elementor-section-boxed elementor-section-height-default elementor-section-height-default\" data-id=\"602afaec\" data-element_type=\"section\" data-e-type=\"section\" data-settings=\"{&quot;background_background&quot;:&quot;classic&quot;}\">\n\t\t\t\t\t\t\t<div class=\"elementor-background-overlay\"><\/div>\n\t\t\t\t\t\t\t<div class=\"elementor-container elementor-column-gap-default\">\n\t\t\t\t\t<div class=\"elementor-column elementor-col-100 elementor-top-column elementor-element elementor-element-1fb32b22\" data-id=\"1fb32b22\" data-element_type=\"column\" data-e-type=\"column\">\n\t\t\t<div class=\"elementor-widget-wrap elementor-element-populated\">\n\t\t\t\t\t\t<div class=\"elementor-element elementor-element-275eca9f elementor-widget elementor-widget-heading\" data-id=\"275eca9f\" data-element_type=\"widget\" data-e-type=\"widget\" data-widget_type=\"heading.default\">\n\t\t\t\t<div class=\"elementor-widget-container\">\n\t\t\t\t\t<h2 class=\"elementor-heading-title elementor-size-default\">Trockenmauerwerk versus mit M\u00f6rtel gebundene Natursteinmauern<\/h2>\t\t\t\t<\/div>\n\t\t\t\t<\/div>\n\t\t\t\t<div class=\"elementor-element elementor-element-48f17fd elementor-widget-divider--view-line elementor-widget elementor-widget-divider\" data-id=\"48f17fd\" data-element_type=\"widget\" data-e-type=\"widget\" data-widget_type=\"divider.default\">\n\t\t\t\t<div class=\"elementor-widget-container\">\n\t\t\t\t\t\t\t<div class=\"elementor-divider\">\n\t\t\t<span class=\"elementor-divider-separator\">\n\t\t\t\t\t\t<\/span>\n\t\t<\/div>\n\t\t\t\t\t\t<\/div>\n\t\t\t\t<\/div>\n\t\t\t\t<div class=\"elementor-element elementor-element-47edc677 elementor-widget elementor-widget-text-editor\" data-id=\"47edc677\" data-element_type=\"widget\" data-e-type=\"widget\" data-widget_type=\"text-editor.default\">\n\t\t\t\t<div class=\"elementor-widget-container\">\n\t\t\t\t\t\t\t\t\t<p>Hangst\u00fctz- und Trockenmauern setzen wir ohne M\u00f6rtel aus Natursteinen zusammen. Dazu werden die Steine von unseren Fachleuten so bearbeitet, dass sie sich im engen Verband ohne Zus\u00e4tze zusammenf\u00fcgen lassen. Eine breite Anwendung findet Trockenmauerwerk bei der Sanierung von H\u00e4ngen und Terrassen in l\u00e4ndlichen Gegenden. Mit einer mehrere hundert Jahre alten Tradition sind diese Natursteinmauern Teil der Schweizer Geschichte und geh\u00f6ren vielerorts zum Kulturerbe.<br \/><br \/>Gebundenes Natursteinmauerwerk besteht ebenfalls aus Bruchsteinen, die wir jedoch mit M\u00f6rtel vermauern.<\/p>\t\t\t\t\t\t\t\t<\/div>\n\t\t\t\t<\/div>\n\t\t\t\t<div class=\"elementor-element elementor-element-e6eee77 elementor-widget elementor-widget-heading\" data-id=\"e6eee77\" data-element_type=\"widget\" data-e-type=\"widget\" data-widget_type=\"heading.default\">\n\t\t\t\t<div class=\"elementor-widget-container\">\n\t\t\t\t\t<h2 class=\"elementor-heading-title elementor-size-default\">Rekonstruktion und Sanierung<\/h2>\t\t\t\t<\/div>\n\t\t\t\t<\/div>\n\t\t\t\t<div class=\"elementor-element elementor-element-5badfa6b elementor-widget-divider--view-line elementor-widget elementor-widget-divider\" data-id=\"5badfa6b\" data-element_type=\"widget\" data-e-type=\"widget\" data-widget_type=\"divider.default\">\n\t\t\t\t<div class=\"elementor-widget-container\">\n\t\t\t\t\t\t\t<div class=\"elementor-divider\">\n\t\t\t<span class=\"elementor-divider-separator\">\n\t\t\t\t\t\t<\/span>\n\t\t<\/div>\n\t\t\t\t\t\t<\/div>\n\t\t\t\t<\/div>\n\t\t\t\t<div class=\"elementor-element elementor-element-4ce68917 elementor-widget elementor-widget-text-editor\" data-id=\"4ce68917\" data-element_type=\"widget\" data-e-type=\"widget\" data-widget_type=\"text-editor.default\">\n\t\t\t\t<div class=\"elementor-widget-container\">\n\t\t\t\t\t\t\t\t\t<p>Die Schadensursache bei mit M\u00f6rtel gebundenem Naturmauerwerk ist h\u00e4ufig eine schadhafte Mauerkrone oder eine undichte Abdeckung. So geht es bei den Sanierungs- und Rekonstruktionsmassnahmen zumeist um die Wiederherstellung der oberen Mauerbereiche. Weil wir auf \u00e4hnliche Steinformate und geeigneten M\u00f6rtel die Erfahrung und das Geschick unserer spezialisierten Naturstein-Maurer setzen, blicken wir inzwischen auf zahlreiche gelungene Instandsetzungen zur\u00fcck.<br \/><br \/>Die Sanierung von Trockenbaumauern, noch dazu in schwierigem Gel\u00e4nde, ist vergleichsweise kostenintensiv. Deshalb wird die qualitative Arbeit der ELEGANTI Bauunternehmung AG unter bestimmten Voraussetzungen vom Bund und den Kantonen gef\u00f6rdert. Gern beraten wir Sie zu den aktuellen F\u00f6rderrichtlinien!<\/p>\t\t\t\t\t\t\t\t<\/div>\n\t\t\t\t<\/div>\n\t\t\t\t\t<\/div>\n\t\t<\/div>\n\t\t\t\t\t<\/div>\n\t\t<\/section>\n\t\t\t\t<section class=\"elementor-section elementor-top-section elementor-element elementor-element-741c2d1f elementor-section-full_width elementor-section-height-default elementor-section-height-default\" data-id=\"741c2d1f\" data-element_type=\"section\" data-e-type=\"section\">\n\t\t\t\t\t\t<div class=\"elementor-container elementor-column-gap-no\">\n\t\t\t\t\t<div class=\"elementor-column elementor-col-33 elementor-top-column elementor-element elementor-element-1a95442c\" data-id=\"1a95442c\" data-element_type=\"column\" data-e-type=\"column\">\n\t\t\t<div class=\"elementor-widget-wrap elementor-element-populated\">\n\t\t\t\t\t\t<div class=\"elementor-element elementor-element-2a676f4f elementor-widget elementor-widget-image\" data-id=\"2a676f4f\" data-element_type=\"widget\" data-e-type=\"widget\" data-widget_type=\"image.default\">\n\t\t\t\t<div class=\"elementor-widget-container\">\n\t\t\t\t\t\t\t\t\t\t\t\t\t\t\t<img fetchpriority=\"high\" decoding=\"async\" width=\"900\" height=\"601\" src=\"https:\/\/eleganti-bauunternehmung.ch\/wp-content\/uploads\/2021\/06\/eleganti-NATURSTEINMAUERN_3.jpg\" class=\"attachment-large size-large wp-image-2564\" alt=\"\" srcset=\"https:\/\/eleganti-bauunternehmung.ch\/wp-content\/uploads\/2021\/06\/eleganti-NATURSTEINMAUERN_3.jpg 900w, https:\/\/eleganti-bauunternehmung.ch\/wp-content\/uploads\/2021\/06\/eleganti-NATURSTEINMAUERN_3-600x400.jpg 600w, https:\/\/eleganti-bauunternehmung.ch\/wp-content\/uploads\/2021\/06\/eleganti-NATURSTEINMAUERN_3-768x513.jpg 768w\" sizes=\"(max-width: 900px) 100vw, 900px\" \/>\t\t\t\t\t\t\t\t\t\t\t\t\t\t\t<\/div>\n\t\t\t\t<\/div>\n\t\t\t\t\t<\/div>\n\t\t<\/div>\n\t\t\t\t<div class=\"elementor-column elementor-col-33 elementor-top-column elementor-element elementor-element-862e558\" data-id=\"862e558\" data-element_type=\"column\" data-e-type=\"column\">\n\t\t\t<div class=\"elementor-widget-wrap elementor-element-populated\">\n\t\t\t\t\t\t<div class=\"elementor-element elementor-element-42148bab elementor-widget elementor-widget-image\" data-id=\"42148bab\" data-element_type=\"widget\" data-e-type=\"widget\" data-widget_type=\"image.default\">\n\t\t\t\t<div class=\"elementor-widget-container\">\n\t\t\t\t\t\t\t\t\t\t\t\t\t\t\t<img decoding=\"async\" width=\"900\" height=\"601\" src=\"https:\/\/eleganti-bauunternehmung.ch\/wp-content\/uploads\/2021\/06\/eleganti-NATURSTEINMAUERN_2.jpg\" class=\"attachment-large size-large wp-image-2565\" alt=\"\" srcset=\"https:\/\/eleganti-bauunternehmung.ch\/wp-content\/uploads\/2021\/06\/eleganti-NATURSTEINMAUERN_2.jpg 900w, https:\/\/eleganti-bauunternehmung.ch\/wp-content\/uploads\/2021\/06\/eleganti-NATURSTEINMAUERN_2-600x400.jpg 600w, https:\/\/eleganti-bauunternehmung.ch\/wp-content\/uploads\/2021\/06\/eleganti-NATURSTEINMAUERN_2-768x513.jpg 768w\" sizes=\"(max-width: 900px) 100vw, 900px\" \/>\t\t\t\t\t\t\t\t\t\t\t\t\t\t\t<\/div>\n\t\t\t\t<\/div>\n\t\t\t\t\t<\/div>\n\t\t<\/div>\n\t\t\t\t<div class=\"elementor-column elementor-col-33 elementor-top-column elementor-element elementor-element-5d5a0c50\" data-id=\"5d5a0c50\" data-element_type=\"column\" data-e-type=\"column\">\n\t\t\t<div class=\"elementor-widget-wrap elementor-element-populated\">\n\t\t\t\t\t\t<div class=\"elementor-element elementor-element-2d4aff8a elementor-widget elementor-widget-image\" data-id=\"2d4aff8a\" data-element_type=\"widget\" data-e-type=\"widget\" data-widget_type=\"image.default\">\n\t\t\t\t<div class=\"elementor-widget-container\">\n\t\t\t\t\t\t\t\t\t\t\t\t\t\t\t<img decoding=\"async\" width=\"900\" height=\"601\" src=\"https:\/\/eleganti-bauunternehmung.ch\/wp-content\/uploads\/2021\/06\/eleganti-NATURSTEINMAUERN_1.jpg\" class=\"attachment-large size-large wp-image-2566\" alt=\"\" srcset=\"https:\/\/eleganti-bauunternehmung.ch\/wp-content\/uploads\/2021\/06\/eleganti-NATURSTEINMAUERN_1.jpg 900w, https:\/\/eleganti-bauunternehmung.ch\/wp-content\/uploads\/2021\/06\/eleganti-NATURSTEINMAUERN_1-600x400.jpg 600w, https:\/\/eleganti-bauunternehmung.ch\/wp-content\/uploads\/2021\/06\/eleganti-NATURSTEINMAUERN_1-768x513.jpg 768w\" sizes=\"(max-width: 900px) 100vw, 900px\" \/>\t\t\t\t\t\t\t\t\t\t\t\t\t\t\t<\/div>\n\t\t\t\t<\/div>\n\t\t\t\t\t<\/div>\n\t\t<\/div>\n\t\t\t\t\t<\/div>\n\t\t<\/section>\n\t\t\t\t<section class=\"elementor-section elementor-top-section elementor-element elementor-element-39a0adf2 elementor-section-boxed elementor-section-height-default elementor-section-height-default\" data-id=\"39a0adf2\" data-element_type=\"section\" data-e-type=\"section\" data-settings=\"{&quot;background_background&quot;:&quot;classic&quot;}\">\n\t\t\t\t\t\t\t<div class=\"elementor-background-overlay\"><\/div>\n\t\t\t\t\t\t\t<div class=\"elementor-container elementor-column-gap-default\">\n\t\t\t\t\t<div class=\"elementor-column elementor-col-100 elementor-top-column elementor-element elementor-element-7d1bb98a\" data-id=\"7d1bb98a\" data-element_type=\"column\" data-e-type=\"column\">\n\t\t\t<div class=\"elementor-widget-wrap elementor-element-populated\">\n\t\t\t\t\t\t<div class=\"elementor-element elementor-element-49d08fe elementor-widget elementor-widget-heading\" data-id=\"49d08fe\" data-element_type=\"widget\" data-e-type=\"widget\" data-widget_type=\"heading.default\">\n\t\t\t\t<div class=\"elementor-widget-container\">\n\t\t\t\t\t<h2 class=\"elementor-heading-title elementor-size-default\">Alte Handwerkskunst mit zeitgem\u00e4ssen Ergebnissen<\/h2>\t\t\t\t<\/div>\n\t\t\t\t<\/div>\n\t\t\t\t<div class=\"elementor-element elementor-element-5a8c7ccc elementor-widget-divider--view-line elementor-widget elementor-widget-divider\" data-id=\"5a8c7ccc\" data-element_type=\"widget\" data-e-type=\"widget\" data-widget_type=\"divider.default\">\n\t\t\t\t<div class=\"elementor-widget-container\">\n\t\t\t\t\t\t\t<div class=\"elementor-divider\">\n\t\t\t<span class=\"elementor-divider-separator\">\n\t\t\t\t\t\t<\/span>\n\t\t<\/div>\n\t\t\t\t\t\t<\/div>\n\t\t\t\t<\/div>\n\t\t\t\t<div class=\"elementor-element elementor-element-59b24baa elementor-widget elementor-widget-text-editor\" data-id=\"59b24baa\" data-element_type=\"widget\" data-e-type=\"widget\" data-widget_type=\"text-editor.default\">\n\t\t\t\t<div class=\"elementor-widget-container\">\n\t\t\t\t\t\t\t\t\t<p>Von der Idee \u00fcber die Materialbeschaffung aus der Region und dem Umland bis hin zur exakten Ausf\u00fchrung Ihrer Natursteinmauer erhalten Sie von ELEGANTI alle Leistungen aus einer Hand. Bez\u00fcglich Formgebung, \u00d6ffnungen und \u00e4sthetischen Details richten wir uns gern nach Ihren Vorstellungen. Auf Wunsch erstellen wir eigene Entw\u00fcrfe, die wir dann mit Ihnen diskutieren und abstimmen. Bedingt durch die Konstruktion gibt es beim Bau von Natursteinmauern zahlreiche Regeln zu beachten, die je nach Herangehensweise traditionelle, schlichte oder moderne Bauwerke zulassen.<br \/><br \/>Sie sind an der Erstellung einer Natursteinmauer interessiert? Gerne beantworten wir Ihre Fragen! Vereinbaren Sie mit uns einen Vor-Ort-Termin und lassen Sie sich bez\u00fcglich Gestaltung, Konstruktion und Materialien eingehend beraten.<\/p>\t\t\t\t\t\t\t\t<\/div>\n\t\t\t\t<\/div>\n\t\t\t\t\t<\/div>\n\t\t<\/div>\n\t\t\t\t\t<\/div>\n\t\t<\/section>\n\t\t\t\t<\/div>\n\t\t","protected":false},"excerpt":{"rendered":"<p>NATURSTEINMAUERN Zu den Aufgabenfeldern der ELEGANTI Bauunternehmung AG Luzern z\u00e4hlen der Neubau von Grundst\u00fccksmauern und Einfriedungen aus Natursteinen sowie deren Rekonstruktion und Sanierung. Dabei sind wir stets bestrebt, Natursteine aus&#8230;<\/p>\n","protected":false},"author":7,"featured_media":0,"parent":0,"menu_order":7,"comment_status":"closed","ping_status":"closed","template":"elementor_header_footer","meta":{"inline_featured_image":false,"footnotes":""},"class_list":["post-1325","page","type-page","status-publish"],"yoast_head":"<!-- This site is optimized with the Yoast SEO plugin v27.4 - https:\/\/yoast.com\/product\/yoast-seo-wordpress\/ -->\n<title>NATURSTEINMAUERN - Die Luzerner Bauunternehmung AG<\/title>\n<meta name=\"description\" content=\"NATURSTEINMAUERN; Zu den Aufgabenfeldern der ELEGANTI Bauunternehmung AG Luzern z\u00e4hlen der Neubau von Grundst\u00fccksmauern ...\" \/>\n<meta name=\"robots\" content=\"index, follow, max-snippet:-1, max-image-preview:large, max-video-preview:-1\" \/>\n<link rel=\"canonical\" href=\"https:\/\/eleganti-bauunternehmung.ch\/?page_id=1325\" \/>\n<meta property=\"og:locale\" content=\"de_DE\" \/>\n<meta property=\"og:type\" content=\"article\" \/>\n<meta property=\"og:title\" content=\"NATURSTEINMAUERN - Die Luzerner Bauunternehmung AG\" \/>\n<meta property=\"og:description\" content=\"NATURSTEINMAUERN; Zu den Aufgabenfeldern der ELEGANTI Bauunternehmung AG Luzern z\u00e4hlen der Neubau von Grundst\u00fccksmauern ...\" \/>\n<meta property=\"og:url\" content=\"https:\/\/eleganti-bauunternehmung.ch\/?page_id=1325\" \/>\n<meta property=\"og:site_name\" content=\"ELEGANTI Bauunternehmung AG\" \/>\n<meta property=\"article:modified_time\" content=\"2021-09-02T07:26:04+00:00\" \/>\n<meta property=\"og:image\" content=\"https:\/\/eleganti-bauunternehmung.ch\/wp-content\/uploads\/2021\/06\/eleganti-NATURSTEINMAUERN_3.jpg\" \/>\n<meta name=\"twitter:card\" content=\"summary_large_image\" \/>\n<meta name=\"twitter:label1\" content=\"Gesch\u00e4tzte Lesezeit\" \/>\n\t<meta name=\"twitter:data1\" content=\"3\u00a0Minuten\" \/>\n<script type=\"application\/ld+json\" class=\"yoast-schema-graph\">{\"@context\":\"https:\\\/\\\/schema.org\",\"@graph\":[{\"@type\":\"WebPage\",\"@id\":\"https:\\\/\\\/eleganti-bauunternehmung.ch\\\/?page_id=1325\",\"url\":\"https:\\\/\\\/eleganti-bauunternehmung.ch\\\/?page_id=1325\",\"name\":\"NATURSTEINMAUERN - Die Luzerner Bauunternehmung AG\",\"isPartOf\":{\"@id\":\"https:\\\/\\\/eleganti-bauunternehmung.ch\\\/#website\"},\"primaryImageOfPage\":{\"@id\":\"https:\\\/\\\/eleganti-bauunternehmung.ch\\\/?page_id=1325#primaryimage\"},\"image\":{\"@id\":\"https:\\\/\\\/eleganti-bauunternehmung.ch\\\/?page_id=1325#primaryimage\"},\"thumbnailUrl\":\"https:\\\/\\\/eleganti-bauunternehmung.ch\\\/wp-content\\\/uploads\\\/2021\\\/06\\\/eleganti-NATURSTEINMAUERN_3.jpg\",\"datePublished\":\"2021-06-11T11:50:40+00:00\",\"dateModified\":\"2021-09-02T07:26:04+00:00\",\"description\":\"NATURSTEINMAUERN; Zu den Aufgabenfeldern der ELEGANTI Bauunternehmung AG Luzern z\u00e4hlen der Neubau von Grundst\u00fccksmauern ...\",\"breadcrumb\":{\"@id\":\"https:\\\/\\\/eleganti-bauunternehmung.ch\\\/?page_id=1325#breadcrumb\"},\"inLanguage\":\"de\",\"potentialAction\":[{\"@type\":\"ReadAction\",\"target\":[\"https:\\\/\\\/eleganti-bauunternehmung.ch\\\/?page_id=1325\"]}]},{\"@type\":\"ImageObject\",\"inLanguage\":\"de\",\"@id\":\"https:\\\/\\\/eleganti-bauunternehmung.ch\\\/?page_id=1325#primaryimage\",\"url\":\"https:\\\/\\\/eleganti-bauunternehmung.ch\\\/wp-content\\\/uploads\\\/2021\\\/06\\\/eleganti-NATURSTEINMAUERN_3.jpg\",\"contentUrl\":\"https:\\\/\\\/eleganti-bauunternehmung.ch\\\/wp-content\\\/uploads\\\/2021\\\/06\\\/eleganti-NATURSTEINMAUERN_3.jpg\",\"width\":900,\"height\":601},{\"@type\":\"BreadcrumbList\",\"@id\":\"https:\\\/\\\/eleganti-bauunternehmung.ch\\\/?page_id=1325#breadcrumb\",\"itemListElement\":[{\"@type\":\"ListItem\",\"position\":1,\"name\":\"Startseite\",\"item\":\"https:\\\/\\\/eleganti-bauunternehmung.ch\\\/\"},{\"@type\":\"ListItem\",\"position\":2,\"name\":\"NATURSTEINMAUERN\"}]},{\"@type\":\"WebSite\",\"@id\":\"https:\\\/\\\/eleganti-bauunternehmung.ch\\\/#website\",\"url\":\"https:\\\/\\\/eleganti-bauunternehmung.ch\\\/\",\"name\":\"ELEGANTI Bauunternehmung AG\",\"description\":\"www.eleganti-bauunternehmung.ch\",\"publisher\":{\"@id\":\"https:\\\/\\\/eleganti-bauunternehmung.ch\\\/#organization\"},\"potentialAction\":[{\"@type\":\"SearchAction\",\"target\":{\"@type\":\"EntryPoint\",\"urlTemplate\":\"https:\\\/\\\/eleganti-bauunternehmung.ch\\\/?s={search_term_string}\"},\"query-input\":{\"@type\":\"PropertyValueSpecification\",\"valueRequired\":true,\"valueName\":\"search_term_string\"}}],\"inLanguage\":\"de\"},{\"@type\":\"Organization\",\"@id\":\"https:\\\/\\\/eleganti-bauunternehmung.ch\\\/#organization\",\"name\":\"Webseite Name\",\"url\":\"https:\\\/\\\/eleganti-bauunternehmung.ch\\\/\",\"logo\":{\"@type\":\"ImageObject\",\"inLanguage\":\"de\",\"@id\":\"https:\\\/\\\/eleganti-bauunternehmung.ch\\\/#\\\/schema\\\/logo\\\/image\\\/\",\"url\":\"\",\"contentUrl\":\"\",\"caption\":\"Webseite Name\"},\"image\":{\"@id\":\"https:\\\/\\\/eleganti-bauunternehmung.ch\\\/#\\\/schema\\\/logo\\\/image\\\/\"}}]}<\/script>\n<!-- \/ Yoast SEO plugin. -->","yoast_head_json":{"title":"NATURSTEINMAUERN - Die Luzerner Bauunternehmung AG","description":"NATURSTEINMAUERN; Zu den Aufgabenfeldern der ELEGANTI Bauunternehmung AG Luzern z\u00e4hlen der Neubau von Grundst\u00fccksmauern ...","robots":{"index":"index","follow":"follow","max-snippet":"max-snippet:-1","max-image-preview":"max-image-preview:large","max-video-preview":"max-video-preview:-1"},"canonical":"https:\/\/eleganti-bauunternehmung.ch\/?page_id=1325","og_locale":"de_DE","og_type":"article","og_title":"NATURSTEINMAUERN - Die Luzerner Bauunternehmung AG","og_description":"NATURSTEINMAUERN; Zu den Aufgabenfeldern der ELEGANTI Bauunternehmung AG Luzern z\u00e4hlen der Neubau von Grundst\u00fccksmauern ...","og_url":"https:\/\/eleganti-bauunternehmung.ch\/?page_id=1325","og_site_name":"ELEGANTI Bauunternehmung AG","article_modified_time":"2021-09-02T07:26:04+00:00","og_image":[{"url":"https:\/\/eleganti-bauunternehmung.ch\/wp-content\/uploads\/2021\/06\/eleganti-NATURSTEINMAUERN_3.jpg","type":"","width":"","height":""}],"twitter_card":"summary_large_image","twitter_misc":{"Gesch\u00e4tzte Lesezeit":"3\u00a0Minuten"},"schema":{"@context":"https:\/\/schema.org","@graph":[{"@type":"WebPage","@id":"https:\/\/eleganti-bauunternehmung.ch\/?page_id=1325","url":"https:\/\/eleganti-bauunternehmung.ch\/?page_id=1325","name":"NATURSTEINMAUERN - Die Luzerner Bauunternehmung AG","isPartOf":{"@id":"https:\/\/eleganti-bauunternehmung.ch\/#website"},"primaryImageOfPage":{"@id":"https:\/\/eleganti-bauunternehmung.ch\/?page_id=1325#primaryimage"},"image":{"@id":"https:\/\/eleganti-bauunternehmung.ch\/?page_id=1325#primaryimage"},"thumbnailUrl":"https:\/\/eleganti-bauunternehmung.ch\/wp-content\/uploads\/2021\/06\/eleganti-NATURSTEINMAUERN_3.jpg","datePublished":"2021-06-11T11:50:40+00:00","dateModified":"2021-09-02T07:26:04+00:00","description":"NATURSTEINMAUERN; Zu den Aufgabenfeldern der ELEGANTI Bauunternehmung AG Luzern z\u00e4hlen der Neubau von Grundst\u00fccksmauern ...","breadcrumb":{"@id":"https:\/\/eleganti-bauunternehmung.ch\/?page_id=1325#breadcrumb"},"inLanguage":"de","potentialAction":[{"@type":"ReadAction","target":["https:\/\/eleganti-bauunternehmung.ch\/?page_id=1325"]}]},{"@type":"ImageObject","inLanguage":"de","@id":"https:\/\/eleganti-bauunternehmung.ch\/?page_id=1325#primaryimage","url":"https:\/\/eleganti-bauunternehmung.ch\/wp-content\/uploads\/2021\/06\/eleganti-NATURSTEINMAUERN_3.jpg","contentUrl":"https:\/\/eleganti-bauunternehmung.ch\/wp-content\/uploads\/2021\/06\/eleganti-NATURSTEINMAUERN_3.jpg","width":900,"height":601},{"@type":"BreadcrumbList","@id":"https:\/\/eleganti-bauunternehmung.ch\/?page_id=1325#breadcrumb","itemListElement":[{"@type":"ListItem","position":1,"name":"Startseite","item":"https:\/\/eleganti-bauunternehmung.ch\/"},{"@type":"ListItem","position":2,"name":"NATURSTEINMAUERN"}]},{"@type":"WebSite","@id":"https:\/\/eleganti-bauunternehmung.ch\/#website","url":"https:\/\/eleganti-bauunternehmung.ch\/","name":"ELEGANTI Bauunternehmung AG","description":"www.eleganti-bauunternehmung.ch","publisher":{"@id":"https:\/\/eleganti-bauunternehmung.ch\/#organization"},"potentialAction":[{"@type":"SearchAction","target":{"@type":"EntryPoint","urlTemplate":"https:\/\/eleganti-bauunternehmung.ch\/?s={search_term_string}"},"query-input":{"@type":"PropertyValueSpecification","valueRequired":true,"valueName":"search_term_string"}}],"inLanguage":"de"},{"@type":"Organization","@id":"https:\/\/eleganti-bauunternehmung.ch\/#organization","name":"Webseite Name","url":"https:\/\/eleganti-bauunternehmung.ch\/","logo":{"@type":"ImageObject","inLanguage":"de","@id":"https:\/\/eleganti-bauunternehmung.ch\/#\/schema\/logo\/image\/","url":"","contentUrl":"","caption":"Webseite Name"},"image":{"@id":"https:\/\/eleganti-bauunternehmung.ch\/#\/schema\/logo\/image\/"}}]}},"_links":{"self":[{"href":"https:\/\/eleganti-bauunternehmung.ch\/index.php?rest_route=\/wp\/v2\/pages\/1325","targetHints":{"allow":["GET"]}}],"collection":[{"href":"https:\/\/eleganti-bauunternehmung.ch\/index.php?rest_route=\/wp\/v2\/pages"}],"about":[{"href":"https:\/\/eleganti-bauunternehmung.ch\/index.php?rest_route=\/wp\/v2\/types\/page"}],"author":[{"embeddable":true,"href":"https:\/\/eleganti-bauunternehmung.ch\/index.php?rest_route=\/wp\/v2\/users\/7"}],"replies":[{"embeddable":true,"href":"https:\/\/eleganti-bauunternehmung.ch\/index.php?rest_route=%2Fwp%2Fv2%2Fcomments&post=1325"}],"version-history":[{"count":3,"href":"https:\/\/eleganti-bauunternehmung.ch\/index.php?rest_route=\/wp\/v2\/pages\/1325\/revisions"}],"predecessor-version":[{"id":3033,"href":"https:\/\/eleganti-bauunternehmung.ch\/index.php?rest_route=\/wp\/v2\/pages\/1325\/revisions\/3033"}],"wp:attachment":[{"href":"https:\/\/eleganti-bauunternehmung.ch\/index.php?rest_route=%2Fwp%2Fv2%2Fmedia&parent=1325"}],"curies":[{"name":"wp","href":"https:\/\/api.w.org\/{rel}","templated":true}]}}